{"id":971,"date":"2023-02-08T13:18:05","date_gmt":"2023-02-08T12:18:05","guid":{"rendered":"https:\/\/mopharm.ba\/wp\/?post_type=product&#038;p=971"},"modified":"2023-02-14T13:11:49","modified_gmt":"2023-02-14T12:11:49","slug":"mg-citrat-eff-375-mg-a-20-2","status":"publish","type":"product","link":"https:\/\/mopharm.ba\/wp\/product\/mg-citrat-eff-375-mg-a-20-2\/","title":{"rendered":"MG CITRAT EFF 375 MG A 20"},"content":{"rendered":"","protected":false},"excerpt":{"rendered":"<p>Magnezij Citrat 375 \u0161ume\u0107e tablete namijenjene su osobama koje osje\u0107aju umor i iscrpljenost, nedostatak energije, fizi\u010dki aktivnim osobama, pojedincima za zdravlje mi\u0161i\u0107a i \u017eiv\u010danog sustava.<\/p>\n<p>\u0160ume\u0107e tablete sadr\u017ee magnezij u obliku magnezijevog citrata koji se lako i brzo apsorbira u organizmu .<\/p>\n<p>1 \u0161ume\u0107a tableta sadr\u017ei 375 mg magnezija odnosno 100% preporu\u010denoj dnevnog unosa magnezija.<\/p>\n<p>Upute za upotrebu<\/p>\n<p>Uzima se 1 \u0161ume\u0107a tableta na dan otopljena u \u010da\u0161i vode (200 ml).<\/p>\n<p>Ukoliko nastane talog, sadr\u017eaj je potrebno promije\u0161ati i popiti.<\/p>\n<p>Dietpharm-Samolije\u010denje-Kosti, mi\u0161i\u0107i i zglobovi\u2013Dodaci prehrani-Vitamini i minerali-<\/p>\n","protected":false},"featured_media":972,"comment_status":"open","ping_status":"closed","template":"","meta":[],"product_cat":[19],"product_tag":[39],"class_list":["post-971","product","type-product","status-publish","has-post-thumbnail","hentry","product_cat-dodaci-prehrani","product_tag-dietpharm"],"_links":{"self":[{"href":"https:\/\/mopharm.ba\/wp\/wp-json\/wp\/v2\/product\/971","targetHints":{"allow":["GET"]}}],"collection":[{"href":"https:\/\/mopharm.ba\/wp\/wp-json\/wp\/v2\/product"}],"about":[{"href":"https:\/\/mopharm.ba\/wp\/wp-json\/wp\/v2\/types\/product"}],"replies":[{"embeddable":true,"href":"https:\/\/mopharm.ba\/wp\/wp-json\/wp\/v2\/comments?post=971"}],"wp:featuredmedia":[{"embeddable":true,"href":"https:\/\/mopharm.ba\/wp\/wp-json\/wp\/v2\/media\/972"}],"wp:attachment":[{"href":"https:\/\/mopharm.ba\/wp\/wp-json\/wp\/v2\/media?parent=971"}],"wp:term":[{"taxonomy":"product_cat","embeddable":true,"href":"https:\/\/mopharm.ba\/wp\/wp-json\/wp\/v2\/product_cat?post=971"},{"taxonomy":"product_tag","embeddable":true,"href":"https:\/\/mopharm.ba\/wp\/wp-json\/wp\/v2\/product_tag?post=971"}],"curies":[{"name":"wp","href":"https:\/\/api.w.org\/{rel}","templated":true}]}}