{"id":945,"date":"2023-02-07T10:34:02","date_gmt":"2023-02-07T09:34:02","guid":{"rendered":"https:\/\/mopharm.ba\/wp\/?post_type=product&#038;p=945"},"modified":"2023-02-14T13:11:48","modified_gmt":"2023-02-14T12:11:48","slug":"kalcij-c-eff-a-20","status":"publish","type":"product","link":"https:\/\/mopharm.ba\/wp\/product\/kalcij-c-eff-a-20\/","title":{"rendered":"KALCIJ + C EFF A 20"},"content":{"rendered":"","protected":false},"excerpt":{"rendered":"<p>Kalcij doprinosi normalnoj funkciji mi\u0161i\u0107a i normalnom \u017eiv\u010danom prijenosu te je potreban za odr\u017eavanje normalnih kostiju i zubi. Vitamin C doprinosi normalnoj funkciji imunolo\u0161kog sustava te smanjenju umora i iscrpljenosti.<\/p>\n","protected":false},"featured_media":946,"comment_status":"open","ping_status":"closed","template":"","meta":[],"product_cat":[19],"product_tag":[39],"class_list":["post-945","product","type-product","status-publish","has-post-thumbnail","hentry","product_cat-dodaci-prehrani","product_tag-dietpharm"],"_links":{"self":[{"href":"https:\/\/mopharm.ba\/wp\/wp-json\/wp\/v2\/product\/945","targetHints":{"allow":["GET"]}}],"collection":[{"href":"https:\/\/mopharm.ba\/wp\/wp-json\/wp\/v2\/product"}],"about":[{"href":"https:\/\/mopharm.ba\/wp\/wp-json\/wp\/v2\/types\/product"}],"replies":[{"embeddable":true,"href":"https:\/\/mopharm.ba\/wp\/wp-json\/wp\/v2\/comments?post=945"}],"wp:featuredmedia":[{"embeddable":true,"href":"https:\/\/mopharm.ba\/wp\/wp-json\/wp\/v2\/media\/946"}],"wp:attachment":[{"href":"https:\/\/mopharm.ba\/wp\/wp-json\/wp\/v2\/media?parent=945"}],"wp:term":[{"taxonomy":"product_cat","embeddable":true,"href":"https:\/\/mopharm.ba\/wp\/wp-json\/wp\/v2\/product_cat?post=945"},{"taxonomy":"product_tag","embeddable":true,"href":"https:\/\/mopharm.ba\/wp\/wp-json\/wp\/v2\/product_tag?post=945"}],"curies":[{"name":"wp","href":"https:\/\/api.w.org\/{rel}","templated":true}]}}