{"id":937,"date":"2023-02-07T10:14:28","date_gmt":"2023-02-07T09:14:28","guid":{"rendered":"https:\/\/mopharm.ba\/wp\/?post_type=product&#038;p=937"},"modified":"2023-02-14T13:11:46","modified_gmt":"2023-02-14T12:11:46","slug":"ginko-omega-b-kompleks-cps-a-30","status":"publish","type":"product","link":"https:\/\/mopharm.ba\/wp\/product\/ginko-omega-b-kompleks-cps-a-30\/","title":{"rendered":"GINKO OMEGA + B KOMPLEKS CPS A 30"},"content":{"rendered":"","protected":false},"excerpt":{"rendered":"<p>Opis proizvoda i djelovanje:<\/p>\n<p>Ginko omega kapsule jedinstven je proizvod na tr\u017ei\u0161tu jer jedini sadr\u017ei kombinaciju ginka, omega-3 masnih kiselina (DHA) te vitamina B skupine. Ginko omega kapsule prava su kombinacija za cirkulaciju i bolje pam\u0107enje.<\/p>\n<p>Ekstrakt lista ginka doprinosi odr\u017eavanju normalne cirkulacije i pam\u0107enja.<\/p>\n<p>DHA doprinosi odr\u017eavanju normalne funkcije mozga.<\/p>\n<p>Pantotenska kiselina doprinosi normalnim mentalnim perfomansama.<\/p>\n<p>Preporu\u010duje se kod: lo\u0161e cirkulacije u rukama i nogama (trnci, gr\u010devi, osje\u0107aj hladno\u0107e u rukama i nogama), kod nedovoljne prokrvljenosti mozga (vrtoglavica, \u0161um u u\u0161ima, glavobolja, oslabljeno pam\u0107enje), kod lo\u0161e cirkulacije vratnih krvnih \u017eila (oslabljen sluh).Preporu\u010duje se osobama srednje i starije \u017eivotne dobi.<\/p>\n<p>Sastav:preporu\u010dena dnevna doza (1 kapsula):<\/p>\n<p>\u2013 suhi ekstrakt lista ginka sa najmanje 24% ginkoflavonglikozida i 6% terpena 60mg<\/p>\n<p>\u2013 DHA iz ribljeg ulja 250 mg<\/p>\n<p>\u2013 niacin 10mg<\/p>\n<p>\u2013 pantotenska kiselina 6 mg<\/p>\n<p>\u2013 vitamin B6 2 mg<\/p>\n<p>\u2013 riboflavin 1,6 mg<\/p>\n<p>\u2013 tiamin 1,4 mg<\/p>\n<p>\u2013 folna kiselina 200 \u03bcg<\/p>\n<p>\u2013 vitamin B12 1 \u03bcg<\/p>\n<p>Na\u010din upotrebe: uzima se 1 kapsula na dan. Nakon redovitog uzimanja kroz dva mjeseca, napraviti jednomjese\u010dnu pauzu. Preporu\u010dene dnevne doze ne smiju se prekora\u010diti.<\/p>\n<p>Upozorenje: Ne uzimati ako koristite lijekove protiv zgru\u0161avanja krvi (anti-koagulanse) ili kod poreme\u0107aja zgru\u0161avanja krvi.<\/p>\n<p>Ne preporu\u010duje se trudnicama i dojiljama. Nije namijenjeno osobama mla\u0111im od 18 godina. Prije hirur\u0161kog zahvata upozoriti lije\u010dnika. Mogu\u0107a je preosjetljivost na bilo koju komponentu pripravaka.<\/p>\n","protected":false},"featured_media":938,"comment_status":"open","ping_status":"closed","template":"","meta":[],"product_cat":[19],"product_tag":[39],"class_list":["post-937","product","type-product","status-publish","has-post-thumbnail","hentry","product_cat-dodaci-prehrani","product_tag-dietpharm"],"_links":{"self":[{"href":"https:\/\/mopharm.ba\/wp\/wp-json\/wp\/v2\/product\/937","targetHints":{"allow":["GET"]}}],"collection":[{"href":"https:\/\/mopharm.ba\/wp\/wp-json\/wp\/v2\/product"}],"about":[{"href":"https:\/\/mopharm.ba\/wp\/wp-json\/wp\/v2\/types\/product"}],"replies":[{"embeddable":true,"href":"https:\/\/mopharm.ba\/wp\/wp-json\/wp\/v2\/comments?post=937"}],"wp:featuredmedia":[{"embeddable":true,"href":"https:\/\/mopharm.ba\/wp\/wp-json\/wp\/v2\/media\/938"}],"wp:attachment":[{"href":"https:\/\/mopharm.ba\/wp\/wp-json\/wp\/v2\/media?parent=937"}],"wp:term":[{"taxonomy":"product_cat","embeddable":true,"href":"https:\/\/mopharm.ba\/wp\/wp-json\/wp\/v2\/product_cat?post=937"},{"taxonomy":"product_tag","embeddable":true,"href":"https:\/\/mopharm.ba\/wp\/wp-json\/wp\/v2\/product_tag?post=937"}],"curies":[{"name":"wp","href":"https:\/\/api.w.org\/{rel}","templated":true}]}}