{"id":868,"date":"2023-02-03T11:54:30","date_gmt":"2023-02-03T10:54:30","guid":{"rendered":"https:\/\/mopharm.ba\/wp\/?post_type=product&#038;p=868"},"modified":"2023-02-14T13:11:41","modified_gmt":"2023-02-14T12:11:41","slug":"esi-noglic-a-30","status":"publish","type":"product","link":"https:\/\/mopharm.ba\/wp\/product\/esi-noglic-a-30\/","title":{"rendered":"ESI NOGLIC A 30"},"content":{"rendered":"","protected":false},"excerpt":{"rendered":"<p>Dodatak prehrani za kontrolu glikemije<\/p>\n<p>Djelovanje:<\/p>\n<p>Dodatak prehrani sa srebrnom svilenicom, gorkom dinjom, ekstraktima cimeta, alfa liponskom kiselinom i hromom.<\/p>\n<p>Sinergijsko djelovanje sastojaka poma\u017ee u odr\u017eavanju normalnog nivoa \u0161e\u0107era u krvi. Smanjuje postotak glikoziliranog hemoglobina i apsorpciju \u0161e\u0107era u krvi te pospje\u0161uje antidijabeti\u010dka svojstva inzulina.<\/p>\n<p>Nutrijensi sadr\u017eani u ovom proizvodu uspostavljaju rebalans glukoze i metabolizam masti gdje sinergijsko djelovanje pospje\u0161uje njihovu akciju.<\/p>\n<p>Na\u010din upotrebe:<\/p>\n<p>2 tablete dnevno, po jedna 15 minuta prije dva glavna obroka.<\/p>\n<p>Pakovanje: 30 tableta<\/p>\n","protected":false},"featured_media":869,"comment_status":"open","ping_status":"closed","template":"","meta":[],"product_cat":[19],"product_tag":[58],"class_list":["post-868","product","type-product","status-publish","has-post-thumbnail","hentry","product_cat-dodaci-prehrani","product_tag-esi"],"_links":{"self":[{"href":"https:\/\/mopharm.ba\/wp\/wp-json\/wp\/v2\/product\/868","targetHints":{"allow":["GET"]}}],"collection":[{"href":"https:\/\/mopharm.ba\/wp\/wp-json\/wp\/v2\/product"}],"about":[{"href":"https:\/\/mopharm.ba\/wp\/wp-json\/wp\/v2\/types\/product"}],"replies":[{"embeddable":true,"href":"https:\/\/mopharm.ba\/wp\/wp-json\/wp\/v2\/comments?post=868"}],"wp:featuredmedia":[{"embeddable":true,"href":"https:\/\/mopharm.ba\/wp\/wp-json\/wp\/v2\/media\/869"}],"wp:attachment":[{"href":"https:\/\/mopharm.ba\/wp\/wp-json\/wp\/v2\/media?parent=868"}],"wp:term":[{"taxonomy":"product_cat","embeddable":true,"href":"https:\/\/mopharm.ba\/wp\/wp-json\/wp\/v2\/product_cat?post=868"},{"taxonomy":"product_tag","embeddable":true,"href":"https:\/\/mopharm.ba\/wp\/wp-json\/wp\/v2\/product_tag?post=868"}],"curies":[{"name":"wp","href":"https:\/\/api.w.org\/{rel}","templated":true}]}}