{"id":860,"date":"2023-02-03T11:35:36","date_gmt":"2023-02-03T10:35:36","guid":{"rendered":"https:\/\/mopharm.ba\/wp\/?post_type=product&#038;p=860"},"modified":"2023-02-14T13:11:41","modified_gmt":"2023-02-14T12:11:41","slug":"esi-no-dol-5-cerotti","status":"publish","type":"product","link":"https:\/\/mopharm.ba\/wp\/product\/esi-no-dol-5-cerotti\/","title":{"rendered":"ESI NO DOL 5 CEROTTI"},"content":{"rendered":"","protected":false},"excerpt":{"rendered":"<p>NO DOL FLASTER, 5 flasteraSna\u017eno djeluje protiv bola i upala.<\/p>\n<p>Uputstvo: NO DOL flaster zalijepiti na bolno mjesto i ostaviti ga djeluje 24 sata, onda ga zamijeniti novim. Va\u017eno je pustiti da sastojci djeluju tokom cijelog dana, sprecijalna tehnologija upotrebljena u NO DOL flasterima pru\u017ea produ\u017eeno i konstantno djelovanje prirodnih sastojaka. Mogu se koristiti makaze da bi se dobio flaster potrebne veli\u010dine.<\/p>\n","protected":false},"featured_media":861,"comment_status":"open","ping_status":"closed","template":"","meta":[],"product_cat":[19],"product_tag":[58],"class_list":["post-860","product","type-product","status-publish","has-post-thumbnail","hentry","product_cat-dodaci-prehrani","product_tag-esi"],"_links":{"self":[{"href":"https:\/\/mopharm.ba\/wp\/wp-json\/wp\/v2\/product\/860","targetHints":{"allow":["GET"]}}],"collection":[{"href":"https:\/\/mopharm.ba\/wp\/wp-json\/wp\/v2\/product"}],"about":[{"href":"https:\/\/mopharm.ba\/wp\/wp-json\/wp\/v2\/types\/product"}],"replies":[{"embeddable":true,"href":"https:\/\/mopharm.ba\/wp\/wp-json\/wp\/v2\/comments?post=860"}],"wp:featuredmedia":[{"embeddable":true,"href":"https:\/\/mopharm.ba\/wp\/wp-json\/wp\/v2\/media\/861"}],"wp:attachment":[{"href":"https:\/\/mopharm.ba\/wp\/wp-json\/wp\/v2\/media?parent=860"}],"wp:term":[{"taxonomy":"product_cat","embeddable":true,"href":"https:\/\/mopharm.ba\/wp\/wp-json\/wp\/v2\/product_cat?post=860"},{"taxonomy":"product_tag","embeddable":true,"href":"https:\/\/mopharm.ba\/wp\/wp-json\/wp\/v2\/product_tag?post=860"}],"curies":[{"name":"wp","href":"https:\/\/api.w.org\/{rel}","templated":true}]}}