{"id":852,"date":"2023-02-03T11:10:03","date_gmt":"2023-02-03T10:10:03","guid":{"rendered":"https:\/\/mopharm.ba\/wp\/?post_type=product&#038;p=852"},"modified":"2023-02-14T13:11:40","modified_gmt":"2023-02-14T12:11:40","slug":"esi-le-dieci-erbe-tbl-a-40","status":"publish","type":"product","link":"https:\/\/mopharm.ba\/wp\/product\/esi-le-dieci-erbe-tbl-a-40\/","title":{"rendered":"ESI LE DIECI ERBE TBL A 40"},"content":{"rendered":"","protected":false},"excerpt":{"rendered":"<p>Dodatak prehrani koji sadr\u017ei mje\u0161avinu biljaka u prahu, presanu u tablete. Koristi se kod intestinalnih problema, posebno kod opstipacije (zatvora), nadutosti i slabosti jetre i \u017eu\u010di. Aloe, kaskara, sena, krkavina i rabarbara poti\u010du pravilan rad crijeva, dok komora\u010d, sladi\u0107, lincura, marulja i masla\u010dak reguliraju probavu.<\/p>\n<p>Na\u010din upotrebe: 1-3 tablete uve\u010der prije spavanja.<\/p>\n<p>ESI-Samolije\u010denje-Probavni sustav\u2014-<\/p>\n","protected":false},"featured_media":853,"comment_status":"open","ping_status":"closed","template":"","meta":[],"product_cat":[19],"product_tag":[58],"class_list":["post-852","product","type-product","status-publish","has-post-thumbnail","hentry","product_cat-dodaci-prehrani","product_tag-esi"],"_links":{"self":[{"href":"https:\/\/mopharm.ba\/wp\/wp-json\/wp\/v2\/product\/852","targetHints":{"allow":["GET"]}}],"collection":[{"href":"https:\/\/mopharm.ba\/wp\/wp-json\/wp\/v2\/product"}],"about":[{"href":"https:\/\/mopharm.ba\/wp\/wp-json\/wp\/v2\/types\/product"}],"replies":[{"embeddable":true,"href":"https:\/\/mopharm.ba\/wp\/wp-json\/wp\/v2\/comments?post=852"}],"wp:featuredmedia":[{"embeddable":true,"href":"https:\/\/mopharm.ba\/wp\/wp-json\/wp\/v2\/media\/853"}],"wp:attachment":[{"href":"https:\/\/mopharm.ba\/wp\/wp-json\/wp\/v2\/media?parent=852"}],"wp:term":[{"taxonomy":"product_cat","embeddable":true,"href":"https:\/\/mopharm.ba\/wp\/wp-json\/wp\/v2\/product_cat?post=852"},{"taxonomy":"product_tag","embeddable":true,"href":"https:\/\/mopharm.ba\/wp\/wp-json\/wp\/v2\/product_tag?post=852"}],"curies":[{"name":"wp","href":"https:\/\/api.w.org\/{rel}","templated":true}]}}