{"id":826,"date":"2023-02-03T10:07:34","date_gmt":"2023-02-03T09:07:34","guid":{"rendered":"https:\/\/mopharm.ba\/wp\/?post_type=product&#038;p=826"},"modified":"2023-02-14T13:11:39","modified_gmt":"2023-02-14T12:11:39","slug":"esi-aloe-vera-gel-100-ml-organska-aloe-vera","status":"publish","type":"product","link":"https:\/\/mopharm.ba\/wp\/product\/esi-aloe-vera-gel-100-ml-organska-aloe-vera\/","title":{"rendered":"ESI ALOE VERA GEL 100 ML (ORGANSKA ALOE VERA)"},"content":{"rendered":"","protected":false},"excerpt":{"rendered":"<p>Aloe vera gel pru\u017ea intenzivnu za\u0161titu ko\u017ee. Mek\u0161a, vla\u017ei i obnavlja ko\u017eu koja je suha i ispucala. Posebno se preporu\u010duje nakon izlaganja suncu ili kod upaljene, nadra\u017eene ko\u017ee, za smirivanje iritacija i crvenila.<\/p>\n<p>Zahvaljuju\u0107i djelovanju polisaharida, aloe vera ESI gel poma\u017ee u odr\u017eavanju hidrolipidnog balansa epiderme, pove\u0107avaju\u0107i njenu zategnutost i \u010dvrsto\u0107u.<\/p>\n<p>Sadr\u017ei vitamin E koji umanjuje o\u017eiljke i upale ko\u017ee.<\/p>\n<p>Sadr\u017ei i ulje \u010dajevca koje je poznato po svom antimikrobnom djelovanju.<\/p>\n<p>Gel ne sadr\u017ei parabene, dobiven je hladnim cije\u0111enjem aloe vere.<\/p>\n<p>Pogodan je za sve tipove ko\u017ee, nemastan je i brzo se apsorbuje.<\/p>\n<p>NA\u010cIN UPOTREBE:<\/p>\n<p>Nanijeti potrebnu koli\u010dinu na ko\u017eu.<\/p>\n<p>PAKOVANJE:100 ml<\/p>\n<p>PROIZVOD NE SADR\u017dI: konzervanse, parabene, SLES, SLS,PEG, boje, uljne derivate, GMO<\/p>\n<p>PROIZVOD SE PREPORU\u010cUJE ZA: zdravlje ko\u017ee<\/p>\n<p>Hipoalergenski proizvod<\/p>\n<p>Gel je formulisan da minimizira rizik od alergija ko\u017ee<\/p>\n<p>Dermatolo\u0161ki i mikrobiolo\u0161ki testiran.<\/p>\n","protected":false},"featured_media":827,"comment_status":"open","ping_status":"closed","template":"","meta":[],"product_cat":[19],"product_tag":[58],"class_list":["post-826","product","type-product","status-publish","has-post-thumbnail","hentry","product_cat-dodaci-prehrani","product_tag-esi"],"_links":{"self":[{"href":"https:\/\/mopharm.ba\/wp\/wp-json\/wp\/v2\/product\/826","targetHints":{"allow":["GET"]}}],"collection":[{"href":"https:\/\/mopharm.ba\/wp\/wp-json\/wp\/v2\/product"}],"about":[{"href":"https:\/\/mopharm.ba\/wp\/wp-json\/wp\/v2\/types\/product"}],"replies":[{"embeddable":true,"href":"https:\/\/mopharm.ba\/wp\/wp-json\/wp\/v2\/comments?post=826"}],"wp:featuredmedia":[{"embeddable":true,"href":"https:\/\/mopharm.ba\/wp\/wp-json\/wp\/v2\/media\/827"}],"wp:attachment":[{"href":"https:\/\/mopharm.ba\/wp\/wp-json\/wp\/v2\/media?parent=826"}],"wp:term":[{"taxonomy":"product_cat","embeddable":true,"href":"https:\/\/mopharm.ba\/wp\/wp-json\/wp\/v2\/product_cat?post=826"},{"taxonomy":"product_tag","embeddable":true,"href":"https:\/\/mopharm.ba\/wp\/wp-json\/wp\/v2\/product_tag?post=826"}],"curies":[{"name":"wp","href":"https:\/\/api.w.org\/{rel}","templated":true}]}}