{"id":816,"date":"2023-02-03T09:43:40","date_gmt":"2023-02-03T08:43:40","guid":{"rendered":"https:\/\/mopharm.ba\/wp\/?post_type=product&#038;p=816"},"modified":"2023-02-14T13:11:38","modified_gmt":"2023-02-14T12:11:38","slug":"hermes-mg-direkt-naranca-a-20","status":"publish","type":"product","link":"https:\/\/mopharm.ba\/wp\/product\/hermes-mg-direkt-naranca-a-20\/","title":{"rendered":"HERMES MG DIREKT NARAN\u010cA A 20"},"content":{"rendered":"","protected":false},"excerpt":{"rendered":"<p>vre\u0107ica sadr\u017ei: 300 mg magnezija (80 % PU*)<\/p>\n<p>PU = preporu\u010deni dnevni unos<\/p>\n<p>Normalna, dnevna potreba za magnezijem iznosi oko 300 do 400 miligrama. Pove\u0107ana potreba za magnezijem o\u010dituje se u mladih, trudnica, dojilja i starijih osoba. Opskrba ispod donje granice mo\u017ee se o\u010ditovati u pove\u0107anoj podlo\u017enosti stresu, smanjenju otpornosti i oscilacijama op\u0107eg zdravstvenog stanja.<\/p>\n<p>Magnezij doprinosi:<\/p>\n<p>\u2013 normalnoj funkciji mi\u0161i\u0107a<\/p>\n<p>\u2013 odr\u017eavanju normalnih kostiju i zubi<\/p>\n<p>\u2013 normalnom funkcioniranju \u017eiv\u010danog sustava i normalnoj psiholo\u0161koj funkciji<\/p>\n<p>\u2013 smanjenju umora i iscrpljenosti<\/p>\n<p>\u2013 ravnote\u017ei elektrolita.<\/p>\n<p>Na\u010din uporabe:<\/p>\n<p>Jednom dnevno progutati sadr\u017eaj vre\u0107ice. Vre\u0107icu otvoriti u smjeru nazna\u010dene strelice. Mikrogranule isipati direktno na jezik i ostaviti da se polako otope.<\/p>\n<p>Hermes-Dodaci prehrani-Vitamini i minerali\u2013Samolije\u010denje-Kosti, mi\u0161i\u0107i i zglobovi-<\/p>\n","protected":false},"featured_media":817,"comment_status":"open","ping_status":"closed","template":"","meta":[],"product_cat":[19],"product_tag":[55],"class_list":["post-816","product","type-product","status-publish","has-post-thumbnail","hentry","product_cat-dodaci-prehrani","product_tag-hermes"],"_links":{"self":[{"href":"https:\/\/mopharm.ba\/wp\/wp-json\/wp\/v2\/product\/816","targetHints":{"allow":["GET"]}}],"collection":[{"href":"https:\/\/mopharm.ba\/wp\/wp-json\/wp\/v2\/product"}],"about":[{"href":"https:\/\/mopharm.ba\/wp\/wp-json\/wp\/v2\/types\/product"}],"replies":[{"embeddable":true,"href":"https:\/\/mopharm.ba\/wp\/wp-json\/wp\/v2\/comments?post=816"}],"wp:featuredmedia":[{"embeddable":true,"href":"https:\/\/mopharm.ba\/wp\/wp-json\/wp\/v2\/media\/817"}],"wp:attachment":[{"href":"https:\/\/mopharm.ba\/wp\/wp-json\/wp\/v2\/media?parent=816"}],"wp:term":[{"taxonomy":"product_cat","embeddable":true,"href":"https:\/\/mopharm.ba\/wp\/wp-json\/wp\/v2\/product_cat?post=816"},{"taxonomy":"product_tag","embeddable":true,"href":"https:\/\/mopharm.ba\/wp\/wp-json\/wp\/v2\/product_tag?post=816"}],"curies":[{"name":"wp","href":"https:\/\/api.w.org\/{rel}","templated":true}]}}