{"id":776,"date":"2023-02-02T09:57:49","date_gmt":"2023-02-02T08:57:49","guid":{"rendered":"https:\/\/mopharm.ba\/wp\/?post_type=product&#038;p=776"},"modified":"2023-02-14T13:11:36","modified_gmt":"2023-02-14T12:11:36","slug":"nw-vitamin-d-1000-protect-cps-a-50","status":"publish","type":"product","link":"https:\/\/mopharm.ba\/wp\/product\/nw-vitamin-d-1000-protect-cps-a-50\/","title":{"rendered":"NW VITAMIN D 1000 PROTECT CPS A 50"},"content":{"rendered":"","protected":false},"excerpt":{"rendered":"<p>Primarna uloga vitamina D je apsorpcija kalcija i fosfora iz probavnog sustava te odr\u017eavanje njihove ravnote\u017ee u organizmu, \u0161to je direktno povezano s o\u010duvanjem ko\u0161tane mase. Vitamin D va\u017ean je i za o\u010duvanje normalne funkcije mi\u0161i\u0107a, a novija istra\u017eivanja potvr\u0111uju i va\u017enost vitamina D u o\u010duvanju normalne funkcije imunolo\u0161kog sustava jer aktivni oblik ovog vitamina utje\u010de na rast i dijeljenje stanica va\u017enih za imunitet.<\/p>\n<p>Natural Wealth-Dodaci prehrani-Vitamini i minerali\u2014-<\/p>\n","protected":false},"featured_media":777,"comment_status":"open","ping_status":"closed","template":"","meta":[],"product_cat":[19],"product_tag":[50],"class_list":["post-776","product","type-product","status-publish","has-post-thumbnail","hentry","product_cat-dodaci-prehrani","product_tag-natural-wealth"],"_links":{"self":[{"href":"https:\/\/mopharm.ba\/wp\/wp-json\/wp\/v2\/product\/776","targetHints":{"allow":["GET"]}}],"collection":[{"href":"https:\/\/mopharm.ba\/wp\/wp-json\/wp\/v2\/product"}],"about":[{"href":"https:\/\/mopharm.ba\/wp\/wp-json\/wp\/v2\/types\/product"}],"replies":[{"embeddable":true,"href":"https:\/\/mopharm.ba\/wp\/wp-json\/wp\/v2\/comments?post=776"}],"wp:featuredmedia":[{"embeddable":true,"href":"https:\/\/mopharm.ba\/wp\/wp-json\/wp\/v2\/media\/777"}],"wp:attachment":[{"href":"https:\/\/mopharm.ba\/wp\/wp-json\/wp\/v2\/media?parent=776"}],"wp:term":[{"taxonomy":"product_cat","embeddable":true,"href":"https:\/\/mopharm.ba\/wp\/wp-json\/wp\/v2\/product_cat?post=776"},{"taxonomy":"product_tag","embeddable":true,"href":"https:\/\/mopharm.ba\/wp\/wp-json\/wp\/v2\/product_tag?post=776"}],"curies":[{"name":"wp","href":"https:\/\/api.w.org\/{rel}","templated":true}]}}