{"id":752,"date":"2023-02-01T14:15:42","date_gmt":"2023-02-01T13:15:42","guid":{"rendered":"https:\/\/mopharm.ba\/wp\/?post_type=product&#038;p=752"},"modified":"2023-02-14T13:11:34","modified_gmt":"2023-02-14T12:11:34","slug":"nw-kalcij-citrat-600-d-400","status":"publish","type":"product","link":"https:\/\/mopharm.ba\/wp\/product\/nw-kalcij-citrat-600-d-400\/","title":{"rendered":"NW KALCIJ CITRAT 600 + D 400"},"content":{"rendered":"","protected":false},"excerpt":{"rendered":"<p>Opis proizvoda: \u0160ume\u0107e tablete s kalcijem i vitaminom D ugodnog okusa limuna.<\/p>\n<p>Jedna \u0161ume\u0107a tableta sadr\u017ei: Kalcij (trikalcijev citrat) 600 mg (75% RDA), Vitamin D (kolekalciferol) 400 I.J. (10 \u00b5g) 200% RDA. Kalcij je potreban za odr\u017eavanje normalnih zubi i kostiju, doprinosi normalnoj funkciji probavnih enzima i normalnom \u017eiv\u010danom prijenosu te normalnoj funkciji mi\u0161i\u0107a.<\/p>\n<p>Kalcij tako\u0111er doprinosi normalnom metabolizmu stvaranja energije i zgru\u0161avanju krvi.<\/p>\n<p>Vitamin D ima izniman utjecaj na tjelesne procese, a posebno na metabolizam kalcija. Odgovoran je za ravnote\u017eu kalcija u organizmu, pospje\u0161uje njegovo iskori\u0161tavanje iz probavnog sustava te je va\u017ean za normalan rast i mineralizaciju kostiju i zubi.<\/p>\n<p>Svojim djelovanjem nu\u017ean je za normalan razvoj organizma, a njegov nedostatak dovodi do ozbiljnih poreme\u0107aja, rahitisa i osteomalacije.<\/p>\n<p>Na\u010din upotrebe: Jednu \u0161ume\u0107u tabletu dnevno otopiti u \u010da\u0161i vode. Svje\u017ee pripremljen napitak odmah popiti.<\/p>\n<p>Pakiranje\u200b\u200b\u200b\u200b\u200b\u200b\u200b: 20 \u0161ume\u0107ih tableta (2&#215;10).<\/p>\n","protected":false},"featured_media":753,"comment_status":"open","ping_status":"closed","template":"","meta":[],"product_cat":[19],"product_tag":[50],"class_list":["post-752","product","type-product","status-publish","has-post-thumbnail","hentry","product_cat-dodaci-prehrani","product_tag-natural-wealth"],"_links":{"self":[{"href":"https:\/\/mopharm.ba\/wp\/wp-json\/wp\/v2\/product\/752","targetHints":{"allow":["GET"]}}],"collection":[{"href":"https:\/\/mopharm.ba\/wp\/wp-json\/wp\/v2\/product"}],"about":[{"href":"https:\/\/mopharm.ba\/wp\/wp-json\/wp\/v2\/types\/product"}],"replies":[{"embeddable":true,"href":"https:\/\/mopharm.ba\/wp\/wp-json\/wp\/v2\/comments?post=752"}],"wp:featuredmedia":[{"embeddable":true,"href":"https:\/\/mopharm.ba\/wp\/wp-json\/wp\/v2\/media\/753"}],"wp:attachment":[{"href":"https:\/\/mopharm.ba\/wp\/wp-json\/wp\/v2\/media?parent=752"}],"wp:term":[{"taxonomy":"product_cat","embeddable":true,"href":"https:\/\/mopharm.ba\/wp\/wp-json\/wp\/v2\/product_cat?post=752"},{"taxonomy":"product_tag","embeddable":true,"href":"https:\/\/mopharm.ba\/wp\/wp-json\/wp\/v2\/product_tag?post=752"}],"curies":[{"name":"wp","href":"https:\/\/api.w.org\/{rel}","templated":true}]}}