{"id":691,"date":"2023-01-26T13:40:04","date_gmt":"2023-01-26T12:40:04","guid":{"rendered":"https:\/\/mopharm.ba\/wp\/?post_type=product&#038;p=691"},"modified":"2023-02-14T13:11:30","modified_gmt":"2023-02-14T12:11:30","slug":"magnall-immuno-cps-a30","status":"publish","type":"product","link":"https:\/\/mopharm.ba\/wp\/product\/magnall-immuno-cps-a30\/","title":{"rendered":"MAGNALL IMMUNO CPS A30"},"content":{"rendered":"","protected":false},"excerpt":{"rendered":"<p>Optimalna dnevna doza magnezija i cinka u samo 1 kapsuli<\/p>\n<p>Magnezij doprinosi: normalnoj funkciji mi\u0161i\u0107a, smanjenju umora i iscrpljenosti, normalnom funkcioniranju \u017eiv\u010danog sustava, normalnom metabolizmu stvaranja energije, normalnoj psiholo\u0161koj funkciji, odr\u017eavanju normalnih kostiju, odr\u017eavanju normalnih zubi, ravnote\u017ei elektrolita, normalnoj sintezi proteina, ima ulogu u procesu diobe stanica<\/p>\n<p>Cink doprinosi: normalnom kiselinsko-baznom metabolizmu, normalnoj sintezi DNA i proteina, ima ulogu u procesu dijeljenja stanica, normalnom metabolizmu makronutrijenata, ugljikohidrata, masnih kiselina i vitamina A, normalnoj funkciji imunolo\u0161kog sustava, normalnoj kognitivnoj funkciji, odr\u017eavanju normalnih kostiju, ko\u017ee, kose, noktiju, odr\u017eavanju normalnog vida, normalnoj plodnosti i reprodukciji, odr\u017eavanju normalne razine testosterona u krvi te za\u0161titi stanica od oksidativnog stresa<\/p>\n<p>Sastojci u preporu\u010denoj dnevnoj dozi (1 kapsula):<\/p>\n<p>SASTOJCI* PU % 1 KAPSULA<\/p>\n<p>Magnezij (magnezijev-oksid) 100% 375,0 mg<\/p>\n<p>Cink (cinkov citrat) 100 % 10,0 mg<\/p>\n<p>*PU: preporu\u010deni dnevni unos<\/p>\n<p>NA\u010cIN UPOTREBE: Odrasli i djeca starija od 12 godina: 1 kapsula dnevno, uz \u010da\u0161u vode<\/p>\n<p>PAKIRANJE: 30 kapsula<\/p>\n","protected":false},"featured_media":692,"comment_status":"open","ping_status":"closed","template":"","meta":[],"product_cat":[19],"product_tag":[48],"class_list":["post-691","product","type-product","status-publish","has-post-thumbnail","hentry","product_cat-dodaci-prehrani","product_tag-abela-pharm"],"_links":{"self":[{"href":"https:\/\/mopharm.ba\/wp\/wp-json\/wp\/v2\/product\/691","targetHints":{"allow":["GET"]}}],"collection":[{"href":"https:\/\/mopharm.ba\/wp\/wp-json\/wp\/v2\/product"}],"about":[{"href":"https:\/\/mopharm.ba\/wp\/wp-json\/wp\/v2\/types\/product"}],"replies":[{"embeddable":true,"href":"https:\/\/mopharm.ba\/wp\/wp-json\/wp\/v2\/comments?post=691"}],"wp:featuredmedia":[{"embeddable":true,"href":"https:\/\/mopharm.ba\/wp\/wp-json\/wp\/v2\/media\/692"}],"wp:attachment":[{"href":"https:\/\/mopharm.ba\/wp\/wp-json\/wp\/v2\/media?parent=691"}],"wp:term":[{"taxonomy":"product_cat","embeddable":true,"href":"https:\/\/mopharm.ba\/wp\/wp-json\/wp\/v2\/product_cat?post=691"},{"taxonomy":"product_tag","embeddable":true,"href":"https:\/\/mopharm.ba\/wp\/wp-json\/wp\/v2\/product_tag?post=691"}],"curies":[{"name":"wp","href":"https:\/\/api.w.org\/{rel}","templated":true}]}}