{"id":616,"date":"2023-01-25T12:01:53","date_gmt":"2023-01-25T11:01:53","guid":{"rendered":"https:\/\/mopharm.ba\/wp\/?post_type=product&#038;p=616"},"modified":"2023-02-14T13:11:26","modified_gmt":"2023-02-14T12:11:26","slug":"africka-sljiva-forte-cps-a-10","status":"publish","type":"product","link":"https:\/\/mopharm.ba\/wp\/product\/africka-sljiva-forte-cps-a-10\/","title":{"rendered":"AFRI\u010cKA \u0160LJIVA FORTE CPS A 10"},"content":{"rendered":"","protected":false},"excerpt":{"rendered":"<p>Afri\u010dka \u0161ljiva poma\u017ee da se:<\/p>\n<p>postigne erekcija<\/p>\n<p>odr\u017ei erekcija<\/p>\n<p>poja\u010da \u017eelja za seksom<\/p>\n<p>otklone erektilne smetnje prostate<\/p>\n<p>smanji i uspori benigna hiperplazija prostate i upala prostate (olak\u0161ava proces izbacivanja mokra\u0107e, smanjuje u\u010destalost naro\u010dito no\u0107nog mokrenja, pove\u0107ava koli\u010dinu izba\u010denog urina)<\/p>\n<p>Aktivni sastojak Afri\u010dke \u0161ljive beta-sitosterol poma\u017ee ja\u010danje potencije. Redovnom upotrebom posti\u017ee se pove\u0107anje dotoka krvi u erektilno tkivo polnog organa i na taj na\u010din se pobolj\u0161ava kvalitet erekcije.<\/p>\n<p>Upotreba:<\/p>\n<p>1 kapsula dnevno u toku jela.<\/p>\n","protected":false},"featured_media":617,"comment_status":"open","ping_status":"closed","template":"","meta":[],"product_cat":[19],"product_tag":[48],"class_list":["post-616","product","type-product","status-publish","has-post-thumbnail","hentry","product_cat-dodaci-prehrani","product_tag-abela-pharm"],"_links":{"self":[{"href":"https:\/\/mopharm.ba\/wp\/wp-json\/wp\/v2\/product\/616","targetHints":{"allow":["GET"]}}],"collection":[{"href":"https:\/\/mopharm.ba\/wp\/wp-json\/wp\/v2\/product"}],"about":[{"href":"https:\/\/mopharm.ba\/wp\/wp-json\/wp\/v2\/types\/product"}],"replies":[{"embeddable":true,"href":"https:\/\/mopharm.ba\/wp\/wp-json\/wp\/v2\/comments?post=616"}],"wp:featuredmedia":[{"embeddable":true,"href":"https:\/\/mopharm.ba\/wp\/wp-json\/wp\/v2\/media\/617"}],"wp:attachment":[{"href":"https:\/\/mopharm.ba\/wp\/wp-json\/wp\/v2\/media?parent=616"}],"wp:term":[{"taxonomy":"product_cat","embeddable":true,"href":"https:\/\/mopharm.ba\/wp\/wp-json\/wp\/v2\/product_cat?post=616"},{"taxonomy":"product_tag","embeddable":true,"href":"https:\/\/mopharm.ba\/wp\/wp-json\/wp\/v2\/product_tag?post=616"}],"curies":[{"name":"wp","href":"https:\/\/api.w.org\/{rel}","templated":true}]}}