{"id":557,"date":"2023-01-24T10:28:55","date_gmt":"2023-01-24T09:28:55","guid":{"rendered":"https:\/\/mopharm.ba\/wp\/?post_type=product&#038;p=557"},"modified":"2023-02-14T13:11:22","modified_gmt":"2023-02-14T12:11:22","slug":"feller-artropan-tbl-a-60","status":"publish","type":"product","link":"https:\/\/mopharm.ba\/wp\/product\/feller-artropan-tbl-a-60\/","title":{"rendered":"FELLER ARTROPAN TBL A 60"},"content":{"rendered":"","protected":false},"excerpt":{"rendered":"<p>O zdravlju zglobova bitno je voditi brigu tokom cijelog \u017eivota. Starosna dob, bavljenje sportom, ozljede \u2013 sve to uzrokuje razli\u010dite promjene na zglobovima, a posljedica toga je smanjenje kvalitete \u017eivota.<\/p>\n<p>M.E.V. Feller\u00ae Artropan sadr\u017eava spojeve va\u017ene za strukturu i stabilnost zglobova.<\/p>\n<p>Glukozamin sulfat je strukturni dio hrskavice, va\u017ean za sintezu sinovijalne teku\u0107ine, ligamenta i mi\u0161i\u0107a.<\/p>\n<p>Metilsulfonilmetan sudjeluje u proizvodnji kolagena i elastina, a kondroitin sulfat u izgradnji vezivnoga tkiva u cijelome organizmu.<\/p>\n<p>Kolagen je najva\u017eniji strukturni protein u vezivnom tkivu. Daje gusto\u0107u i \u010dvrsto\u0107u vlaknima, fleksibilnost ligamentima i tetivama te je nu\u017ean za za\u0161titu zglobova.<\/p>\n<p>M.E.V Feller\u00ae Artropan sadr\u017eava i kompleks bioflavonoida citrusa te ekstrakt korijena \u0111umbira.<\/p>\n<p>Pakovanje: 60 tableta<\/p>\n<p>Primjena: Odrasli 2 tablete na dan, uz obrok.<\/p>\n<p>Sastojci u preporu\u010denoj dnevnoj dozi (2 tablete) Koli\u010dina<\/p>\n<p>Glukozamin sulfat 1000 mg<\/p>\n<p>Metilsulfonilmetan (MSM) 266,66 mg<\/p>\n<p>Kondroitin-sulfat 200 mg<\/p>\n<p>Kolagen 200 mg<\/p>\n<p>Kompleks bioflavonoida citrusa 200 mg<\/p>\n<p>Ekstrakt korijena \u0111umbira (Zingiber officinale) \/20:1\/<\/p>\n<p>10 mg<\/p>\n","protected":false},"featured_media":558,"comment_status":"open","ping_status":"closed","template":"","meta":[],"product_cat":[19],"product_tag":[42],"class_list":["post-557","product","type-product","status-publish","has-post-thumbnail","hentry","product_cat-dodaci-prehrani","product_tag-feller"],"_links":{"self":[{"href":"https:\/\/mopharm.ba\/wp\/wp-json\/wp\/v2\/product\/557","targetHints":{"allow":["GET"]}}],"collection":[{"href":"https:\/\/mopharm.ba\/wp\/wp-json\/wp\/v2\/product"}],"about":[{"href":"https:\/\/mopharm.ba\/wp\/wp-json\/wp\/v2\/types\/product"}],"replies":[{"embeddable":true,"href":"https:\/\/mopharm.ba\/wp\/wp-json\/wp\/v2\/comments?post=557"}],"wp:featuredmedia":[{"embeddable":true,"href":"https:\/\/mopharm.ba\/wp\/wp-json\/wp\/v2\/media\/558"}],"wp:attachment":[{"href":"https:\/\/mopharm.ba\/wp\/wp-json\/wp\/v2\/media?parent=557"}],"wp:term":[{"taxonomy":"product_cat","embeddable":true,"href":"https:\/\/mopharm.ba\/wp\/wp-json\/wp\/v2\/product_cat?post=557"},{"taxonomy":"product_tag","embeddable":true,"href":"https:\/\/mopharm.ba\/wp\/wp-json\/wp\/v2\/product_tag?post=557"}],"curies":[{"name":"wp","href":"https:\/\/api.w.org\/{rel}","templated":true}]}}