{"id":525,"date":"2023-01-23T10:44:46","date_gmt":"2023-01-23T09:44:46","guid":{"rendered":"https:\/\/mopharm.ba\/wp\/?post_type=product&#038;p=525"},"modified":"2023-02-14T13:11:21","modified_gmt":"2023-02-14T12:11:21","slug":"magnezij-eff-375-mg-a-45","status":"publish","type":"product","link":"https:\/\/mopharm.ba\/wp\/product\/magnezij-eff-375-mg-a-45\/","title":{"rendered":"MAGNEZIJ EFF 375 MG A 45"},"content":{"rendered":"","protected":false},"excerpt":{"rendered":"<p>Magnezij 375 \u0161ume\u0107e tablete su dodatak prehrani s magnezijem, vitaminom B6 i vitaminom C.<\/p>\n<p>Preporu\u010duje se svim pojedincima, a posebno fizi\u010dki aktivnim osobama, osobama koje se bave sportom i rekreacijom za normalnu funkciju mi\u0161i\u0107a i \u017eiv\u010danog sustava. Proizvod je tako\u0111er namijenjen osobama koje osje\u0107aju umor i iscrpljenost, nedostatak energije.<\/p>\n<p>Doziranje: Jedna \u0161ume\u0107a tableta na dan otopljena u \u010da\u0161i vode (200 ml)<\/p>\n<p>Sadr\u017ei:<\/p>\n<p>U preporu\u010denoj dnevnoj dozi 1 tableta % PU*<\/p>\n<p>Magnezij (magnezijev karbonat) 375 mg 100<\/p>\n<p>Vitamin C (L-askorbinska kiselina) 120 mg 150<\/p>\n<p>Vitamin B6 (piridoksin hidroklorid) 1,4 mg 100<\/p>\n<p>*PU preporu\u010deni unos za odrasle osobe<\/p>\n<p>Dietpharm-Dodaci prehrani-Vitamini i minerali\u2013Samolije\u010denje-Kosti, mi\u0161i\u0107i i zglobovi-<\/p>\n","protected":false},"featured_media":526,"comment_status":"open","ping_status":"closed","template":"","meta":[],"product_cat":[19],"product_tag":[39],"class_list":["post-525","product","type-product","status-publish","has-post-thumbnail","hentry","product_cat-dodaci-prehrani","product_tag-dietpharm"],"_links":{"self":[{"href":"https:\/\/mopharm.ba\/wp\/wp-json\/wp\/v2\/product\/525","targetHints":{"allow":["GET"]}}],"collection":[{"href":"https:\/\/mopharm.ba\/wp\/wp-json\/wp\/v2\/product"}],"about":[{"href":"https:\/\/mopharm.ba\/wp\/wp-json\/wp\/v2\/types\/product"}],"replies":[{"embeddable":true,"href":"https:\/\/mopharm.ba\/wp\/wp-json\/wp\/v2\/comments?post=525"}],"wp:featuredmedia":[{"embeddable":true,"href":"https:\/\/mopharm.ba\/wp\/wp-json\/wp\/v2\/media\/526"}],"wp:attachment":[{"href":"https:\/\/mopharm.ba\/wp\/wp-json\/wp\/v2\/media?parent=525"}],"wp:term":[{"taxonomy":"product_cat","embeddable":true,"href":"https:\/\/mopharm.ba\/wp\/wp-json\/wp\/v2\/product_cat?post=525"},{"taxonomy":"product_tag","embeddable":true,"href":"https:\/\/mopharm.ba\/wp\/wp-json\/wp\/v2\/product_tag?post=525"}],"curies":[{"name":"wp","href":"https:\/\/api.w.org\/{rel}","templated":true}]}}