{"id":402,"date":"2023-01-18T12:04:58","date_gmt":"2023-01-18T11:04:58","guid":{"rendered":"https:\/\/mopharm.ba\/wp\/?post_type=product&#038;p=402"},"modified":"2023-02-14T13:11:14","modified_gmt":"2023-02-14T12:11:14","slug":"dh-magnesium-500-b12-d3-a-20","status":"publish","type":"product","link":"https:\/\/mopharm.ba\/wp\/product\/dh-magnesium-500-b12-d3-a-20\/","title":{"rendered":"DH MAGNESIUM 500 + B12 +D3 A 20"},"content":{"rendered":"","protected":false},"excerpt":{"rendered":"<p>Obezbje\u0111uje potrebne hranjive tvari, koje doprinose normalnoj funkciji imunolo\u0161kog sistema te su ugodnog vo\u0107nog okusa<\/p>\n<p>Doppelherz Vitamin C 500 + Cink DIREKT DEPO , obezbje\u0111uje potrebne hranjive tvari, koje doprinose normalnoj funkciji imunolo\u0161kog sistema te su ugodnog vo\u0107nog okusa.<\/p>\n<p>Moderan oblik za brzu i direktnu primjenu: mikro granule. Sitne granule se mogu uzimati u bilo koje doba dana i na bilo kojem mjestu, bez upotrebe te\u010dnosti. Takav oblik je idealan za putovanja ili kod pote\u0161ko\u0107a prilikom uzimanja tableta. Iz sitnih perlica granulata sa \u201eDEPO efektom\u201c se satima postepeno otpu\u0161ta 500 mg vitamina C i time omogu\u0107ava, kroz male \u201eporcije\u201c, cjelodnevnu i kontinuiranu opskrbljenost organizma ovim vitaminom.<\/p>\n<p>20 vre\u0107ica sa mikrogranulama \/ Bez glutena \/ Bez laktoze<\/p>\n<p>Ostale informacije i pojedinosti o proizvodu pogledajte na zvani\u010dnoj web stranici proizvoda.<\/p>\n","protected":false},"featured_media":403,"comment_status":"open","ping_status":"closed","template":"","meta":[],"product_cat":[19],"product_tag":[30],"class_list":["post-402","product","type-product","status-publish","has-post-thumbnail","hentry","product_cat-dodaci-prehrani","product_tag-doppel-herz"],"_links":{"self":[{"href":"https:\/\/mopharm.ba\/wp\/wp-json\/wp\/v2\/product\/402","targetHints":{"allow":["GET"]}}],"collection":[{"href":"https:\/\/mopharm.ba\/wp\/wp-json\/wp\/v2\/product"}],"about":[{"href":"https:\/\/mopharm.ba\/wp\/wp-json\/wp\/v2\/types\/product"}],"replies":[{"embeddable":true,"href":"https:\/\/mopharm.ba\/wp\/wp-json\/wp\/v2\/comments?post=402"}],"wp:featuredmedia":[{"embeddable":true,"href":"https:\/\/mopharm.ba\/wp\/wp-json\/wp\/v2\/media\/403"}],"wp:attachment":[{"href":"https:\/\/mopharm.ba\/wp\/wp-json\/wp\/v2\/media?parent=402"}],"wp:term":[{"taxonomy":"product_cat","embeddable":true,"href":"https:\/\/mopharm.ba\/wp\/wp-json\/wp\/v2\/product_cat?post=402"},{"taxonomy":"product_tag","embeddable":true,"href":"https:\/\/mopharm.ba\/wp\/wp-json\/wp\/v2\/product_tag?post=402"}],"curies":[{"name":"wp","href":"https:\/\/api.w.org\/{rel}","templated":true}]}}