{"id":384,"date":"2023-01-18T10:59:22","date_gmt":"2023-01-18T09:59:22","guid":{"rendered":"https:\/\/mopharm.ba\/wp\/?post_type=product&#038;p=384"},"modified":"2023-02-14T13:11:13","modified_gmt":"2023-02-14T12:11:13","slug":"dh-aktiv-eye-vital-a-30","status":"publish","type":"product","link":"https:\/\/mopharm.ba\/wp\/product\/dh-aktiv-eye-vital-a-30\/","title":{"rendered":"DH AKTIV EYE VITAL A 30"},"content":{"rendered":"","protected":false},"excerpt":{"rendered":"<p>Za\u0161tita i o\u010duvanje vida te dopuna lije\u010denja odre\u0111enih vrsta bolesti oka.<\/p>\n","protected":false},"featured_media":385,"comment_status":"open","ping_status":"closed","template":"","meta":[],"product_cat":[19],"product_tag":[30],"class_list":["post-384","product","type-product","status-publish","has-post-thumbnail","hentry","product_cat-dodaci-prehrani","product_tag-doppel-herz"],"_links":{"self":[{"href":"https:\/\/mopharm.ba\/wp\/wp-json\/wp\/v2\/product\/384","targetHints":{"allow":["GET"]}}],"collection":[{"href":"https:\/\/mopharm.ba\/wp\/wp-json\/wp\/v2\/product"}],"about":[{"href":"https:\/\/mopharm.ba\/wp\/wp-json\/wp\/v2\/types\/product"}],"replies":[{"embeddable":true,"href":"https:\/\/mopharm.ba\/wp\/wp-json\/wp\/v2\/comments?post=384"}],"wp:featuredmedia":[{"embeddable":true,"href":"https:\/\/mopharm.ba\/wp\/wp-json\/wp\/v2\/media\/385"}],"wp:attachment":[{"href":"https:\/\/mopharm.ba\/wp\/wp-json\/wp\/v2\/media?parent=384"}],"wp:term":[{"taxonomy":"product_cat","embeddable":true,"href":"https:\/\/mopharm.ba\/wp\/wp-json\/wp\/v2\/product_cat?post=384"},{"taxonomy":"product_tag","embeddable":true,"href":"https:\/\/mopharm.ba\/wp\/wp-json\/wp\/v2\/product_tag?post=384"}],"curies":[{"name":"wp","href":"https:\/\/api.w.org\/{rel}","templated":true}]}}