{"id":1785,"date":"2023-08-07T14:07:58","date_gmt":"2023-08-07T13:07:58","guid":{"rendered":"https:\/\/mopharm.ba\/wp\/?post_type=product&#038;p=1785"},"modified":"2023-09-04T11:03:17","modified_gmt":"2023-09-04T10:03:17","slug":"curaprox-cs-5460-love-edition","status":"publish","type":"product","link":"https:\/\/mopharm.ba\/wp\/product\/curaprox-cs-5460-love-edition\/","title":{"rendered":"CURAPROX CS 5460 LOVE EDITION"},"content":{"rendered":"","protected":false},"excerpt":{"rendered":"<div>Posebno izdanje CURAPROX CS 5460 ultra soft \u010detkica za zube, u dvostrukom pakiranju, u pravom bo\u017ei\u0107nom ruhu.<\/div>\n<div><\/div>\n<div>\u010cetkice sa svojom malom kompaktnom glavom dose\u017eu i do te\u0161ko dostupnih mjesta. Sadr\u017ee 5.460 iznimno mekanih i tankih CUREN\u00ae vlakana za nje\u017eno i u\u010dinkovito \u010di\u0161\u0107enje zuba te ruba izme\u0111u zuba i desni gdje se zubne naslage najvi\u0161e nakupljaju, a sve bez o\u0161te\u0107enja desni. Dok osmerokutni dr\u017ea\u010d omogu\u0107ava \u010di\u0161\u0107enje pod pravim, odgovaraju\u0107im kutom.<\/div>\n<div><\/div>\n<div>Idealan izbor za do\u017eivotno zdravlje zuba i desni.<\/div>\n<div><\/div>\n<div>Meko\u0107a: Ultra mekana<\/div>\n<div><\/div>\n<div>Potrebe:<\/div>\n<div>Krvarenje desni<\/div>\n<div>Lo\u0161 zadah<\/div>\n<div>Njega desni<\/div>\n<div>Osjetljivi zub<\/div>\n<div>Za\u0161tita od karijesa<\/div>\n<div>Zubni kamenac<\/div>\n<div>\u010cisti zubi<\/div>\n<div>Raznolikost proizvoda: Dvostruko pakiranje<\/div>\n<div><\/div>\n<div>Linije proizvoda: CS5460 Posebno izdanje<\/div>\n<div><\/div>\n<div>2 komada<\/div>\n","protected":false},"featured_media":1786,"comment_status":"open","ping_status":"closed","template":"","meta":[],"product_cat":[133],"product_tag":[],"class_list":["post-1785","product","type-product","status-publish","has-post-thumbnail","hentry","product_cat-usta-i-zubi"],"_links":{"self":[{"href":"https:\/\/mopharm.ba\/wp\/wp-json\/wp\/v2\/product\/1785","targetHints":{"allow":["GET"]}}],"collection":[{"href":"https:\/\/mopharm.ba\/wp\/wp-json\/wp\/v2\/product"}],"about":[{"href":"https:\/\/mopharm.ba\/wp\/wp-json\/wp\/v2\/types\/product"}],"replies":[{"embeddable":true,"href":"https:\/\/mopharm.ba\/wp\/wp-json\/wp\/v2\/comments?post=1785"}],"wp:featuredmedia":[{"embeddable":true,"href":"https:\/\/mopharm.ba\/wp\/wp-json\/wp\/v2\/media\/1786"}],"wp:attachment":[{"href":"https:\/\/mopharm.ba\/wp\/wp-json\/wp\/v2\/media?parent=1785"}],"wp:term":[{"taxonomy":"product_cat","embeddable":true,"href":"https:\/\/mopharm.ba\/wp\/wp-json\/wp\/v2\/product_cat?post=1785"},{"taxonomy":"product_tag","embeddable":true,"href":"https:\/\/mopharm.ba\/wp\/wp-json\/wp\/v2\/product_tag?post=1785"}],"curies":[{"name":"wp","href":"https:\/\/api.w.org\/{rel}","templated":true}]}}