{"id":1781,"date":"2023-08-07T14:01:09","date_gmt":"2023-08-07T13:01:09","guid":{"rendered":"https:\/\/mopharm.ba\/wp\/?post_type=product&#038;p=1781"},"modified":"2023-09-04T11:03:38","modified_gmt":"2023-09-04T10:03:38","slug":"curaprox-cs-5460-colorful-curls-edition","status":"publish","type":"product","link":"https:\/\/mopharm.ba\/wp\/product\/curaprox-cs-5460-colorful-curls-edition\/","title":{"rendered":"CURAPROX CS 5460 COLORFUL CURLS EDITION"},"content":{"rendered":"","protected":false},"excerpt":{"rendered":"<p>Posebno izdanje CURAPROX CS 5460 ultra soft \u010detkica za zube, u dvostrukom pakiranju, u pravom bo\u017ei\u0107nom ruhu.<\/p>\n<p>\u010cetkice sa svojom malom kompaktnom glavom dose\u017eu i do te\u0161ko dostupnih mjesta. Sadr\u017ee 5.460 iznimno mekanih i tankih CUREN\u00ae vlakana za nje\u017eno i u\u010dinkovito \u010di\u0161\u0107enje zuba te ruba izme\u0111u zuba i desni gdje se zubne naslage najvi\u0161e nakupljaju, a sve bez o\u0161te\u0107enja desni. Dok osmerokutni dr\u017ea\u010d omogu\u0107ava \u010di\u0161\u0107enje pod pravim, odgovaraju\u0107im kutom.<\/p>\n<p>Idealan izbor za do\u017eivotno zdravlje zuba i desni.<\/p>\n<p>Meko\u0107a: Ultra mekana<\/p>\n<p>Potrebe:<br \/>\nKrvarenje desni<br \/>\nLo\u0161 zadah<br \/>\nNjega desni<br \/>\nOsjetljivi zub<br \/>\nZa\u0161tita od karijesa<br \/>\nZubni kamenac<br \/>\n\u010cisti zubi<br \/>\nRaznolikost proizvoda: Dvostruko pakiranje<\/p>\n<p>Linije proizvoda: CS5460 Posebno izdanje<\/p>\n<p>2 komada<\/p>\n","protected":false},"featured_media":1782,"comment_status":"open","ping_status":"closed","template":"","meta":[],"product_cat":[133],"product_tag":[],"class_list":["post-1781","product","type-product","status-publish","has-post-thumbnail","hentry","product_cat-usta-i-zubi"],"_links":{"self":[{"href":"https:\/\/mopharm.ba\/wp\/wp-json\/wp\/v2\/product\/1781","targetHints":{"allow":["GET"]}}],"collection":[{"href":"https:\/\/mopharm.ba\/wp\/wp-json\/wp\/v2\/product"}],"about":[{"href":"https:\/\/mopharm.ba\/wp\/wp-json\/wp\/v2\/types\/product"}],"replies":[{"embeddable":true,"href":"https:\/\/mopharm.ba\/wp\/wp-json\/wp\/v2\/comments?post=1781"}],"wp:featuredmedia":[{"embeddable":true,"href":"https:\/\/mopharm.ba\/wp\/wp-json\/wp\/v2\/media\/1782"}],"wp:attachment":[{"href":"https:\/\/mopharm.ba\/wp\/wp-json\/wp\/v2\/media?parent=1781"}],"wp:term":[{"taxonomy":"product_cat","embeddable":true,"href":"https:\/\/mopharm.ba\/wp\/wp-json\/wp\/v2\/product_cat?post=1781"},{"taxonomy":"product_tag","embeddable":true,"href":"https:\/\/mopharm.ba\/wp\/wp-json\/wp\/v2\/product_tag?post=1781"}],"curies":[{"name":"wp","href":"https:\/\/api.w.org\/{rel}","templated":true}]}}