{"id":1770,"date":"2023-08-07T11:58:19","date_gmt":"2023-08-07T10:58:19","guid":{"rendered":"https:\/\/mopharm.ba\/wp\/?post_type=product&#038;p=1770"},"modified":"2023-09-04T11:04:29","modified_gmt":"2023-09-04T10:04:29","slug":"rilastil-difesa-emollient-sooting-cleansing-face-crema-200ml","status":"publish","type":"product","link":"https:\/\/mopharm.ba\/wp\/product\/rilastil-difesa-emollient-sooting-cleansing-face-crema-200ml\/","title":{"rendered":"RILASTIL DIFESA EMOLLIENT SOOTING CLEANSING FACE CREMA 200ML"},"content":{"rendered":"","protected":false},"excerpt":{"rendered":"<p>Omek\u0161avaju\u0107a, umiruju\u0107a krema za \u010di\u0161\u0107enje lica s ekstraktom Vje\u0161ti\u010dje lijeske (Witch Hazel \/hamamelis). Nje\u017eno \u010disti lice, \u010dak i kod osoba koje su sklone ekcemima.<\/p>\n<p>Rilastil Difesa krema za \u010di\u0161\u0107enje lica, omek\u0161ava, smiruje i nje\u017eno \u010disti ko\u017eu bez o\u0161te\u0107enja njezinog hidrolipidnog sloja. Budu\u0107i da ne sadr\u017ei povr\u0161inski aktivne tvari, posebno je pogodna za uporabu kod upaljene, suhe i hipereaktivne ko\u017ee koja ne podnosi uobi\u010dajenu kozmetiku.Formula ne sadr\u017ei agresivne povr\u0161inski aktivne tvari, \u010disti pomo\u0107u afiniteta, jer se sastojci u formuli ve\u017eu na ne\u010disto\u0107e i uklanjaju ih s ko\u017ee. Pru\u017ea ko\u017ei optimalnu hidrataciju 24 sata i trenutno ju smiruje. Njezina tekstura, vrlo je mekana i nje\u017ena, pogodna \u010dak i za atopi\u010dare.<\/p>\n<p>Rezultati klini\u010dkog ispitivanja s 20 dobrovoljaca, 2 primjene dnevno, 7 dana uzastopce:Izmjerena u\u010dinkovitost: +21,8% vi\u0161a hidratacija nakon jedne primjene nakon 24 sata -62,5% manje svrbe\u017eaMi\u0161ljenje dobrovoljaca:100% dobrovoljaca potvrdilo je da uga\u0111a i po\u0161tuje ko\u017eu te ju zagla\u0111uje. 95% dobrovoljaca potvrdilo je da nje\u017eno uklanja nepravilnosti. 90% dobrovoljaca potvrdilo je osje\u0107aj olak\u0161anja i hidratacije. 80% dobrovoljaca potvrdilo je smanjenje crvenila.<\/p>\n<p>Aktivni sastojci Difesa kreme za \u010di\u0161\u0107enje:<\/p>\n<p>WITCH HAZEL EKSTRAKT (Hamamelis\/Vje\u0161tije lijeske):<\/p>\n<p>\u2013 Umiruje ko\u017eu i smanjuje osje\u0107aj \u017earenja, peckanja i svrbe\u017ea.<\/p>\n<p>\u2013 Ekstrakti li\u0161\u0107a i kore virginijskog no\u0107urka ve\u0107 imaju dobro utvr\u0111enu i tradicionalnu primjenu kao lokalni protuupalni pripravci.<\/p>\n<p>\u2013 Dokazano u\u010dinkovito protuupalno, adstrigentno, lokalno hemostatsko, vazokonstrikcijsko i flebotoni\u010dko djelovanje.<\/p>\n<p>\u2013 Djeluje inhibicijski na proupalne citokine (IL8, IL6), djeluje protiv alergija i djeluje protiv svrbe\u017ea. Istodobno se brine za obnovu diferencijacije stanica, \u0161to utje\u010de na obnovu ko\u017ene barijere.<\/p>\n<p>GLICERIN:<\/p>\n<p>\u2013 Vla\u017ei ko\u017eu i zadr\u017eava vlagu u njoj. Jedan je od naju\u010dinkovitijih humektanata.<\/p>\n<p>LIPIDNA FAZA:<\/p>\n<p>\u2013 Rekonstruira ko\u017enu barijeru i omogu\u0107uje joj pravilno funkcioniranje. Ponovno uvodi lipidne komponente koje poti\u010du stani\u010dnu homeostazu.<\/p>\n<p>SASTOJCI*: Aqua (Water) \u2022 Glycerin \u2022 Pentaerythrityl Tetraethylhexanate \u2022 Pentylene Glycol \u2022 Methyl Glucose Sesquistearate \u2022 Hamamelis Virginiana (Witch Hazel) Bark\/ Twig Extract \u2022 Hydroxyethylcellulose \u2022 Xanthan Gum; Methylpropanediol \u2022Tetrasodium Glutamate Diacetate \u2022 Lactic Acid \u2022 Sodium Hydroxide.<\/p>\n<p>*Popis sastojaka mo\u017ee biti u procesu a\u017euriranja. Pogledajte sastojke navedene na pakiranju proizvoda.<\/p>\n<p>Svojstva Difesa kreme za \u010di\u0161\u0107enje:<\/p>\n<p>Namijenjeno svima s vrlo osjetljivom, reaktivnom i iritabilnom ko\u017eom.<\/p>\n<p>Posebno pogodna za osobe s alergijama i sklonosti ekcemima.<\/p>\n<p>Hrani i vla\u017ei.<\/p>\n<p>Intenzivno vla\u017ei, pobolj\u0161ava teksturu i omek\u0161ava ko\u017eu.<\/p>\n<p>NE SADR\u017dI: SAPUN, MIRISE I DERIVATE P\u0160ENICE \u2013 KLINI\u010cKI I OFTALMOLO\u0160KI TESTIRANO \u2013 HIPOALERGENO* \u2013 NEKOMEDOGENO \u2013 TESTIRANO NA NIKAL, KOBALT, KROM, PALADIJ I \u017dIVU**<\/p>\n<p>*Sastav proizvoda svodi mogu\u0107nost alergija na minimum.<\/p>\n<p>**Manje od 1 ppm. Male koli\u010dine mogu izazvati pove\u0107anu osjetljivost ko\u017ee.<\/p>\n<p>Preporu\u010damo:<\/p>\n<p>Za osjetljivu, reaktivnu ko\u017eu sklonu alergijama.<\/p>\n<p>Upute za uporabu Difesa kreme za \u010di\u0161\u0107enje:<\/p>\n<p>Nanesite na suhu ko\u017eu lica vatom i nje\u017eno utrljajte kru\u017enim pokretima.<\/p>\n<p>Prilikom skidanja \u0161minke preporu\u010damo kori\u0161tenje vate.<\/p>\n<p>Nije potrebno ispirati ako na licu nema \u0161minke.<\/p>\n<p>200ml<\/p>\n","protected":false},"featured_media":1771,"comment_status":"open","ping_status":"closed","template":"","meta":[],"product_cat":[23],"product_tag":[],"class_list":["post-1770","product","type-product","status-publish","has-post-thumbnail","hentry","product_cat-kozmetika"],"_links":{"self":[{"href":"https:\/\/mopharm.ba\/wp\/wp-json\/wp\/v2\/product\/1770","targetHints":{"allow":["GET"]}}],"collection":[{"href":"https:\/\/mopharm.ba\/wp\/wp-json\/wp\/v2\/product"}],"about":[{"href":"https:\/\/mopharm.ba\/wp\/wp-json\/wp\/v2\/types\/product"}],"replies":[{"embeddable":true,"href":"https:\/\/mopharm.ba\/wp\/wp-json\/wp\/v2\/comments?post=1770"}],"wp:featuredmedia":[{"embeddable":true,"href":"https:\/\/mopharm.ba\/wp\/wp-json\/wp\/v2\/media\/1771"}],"wp:attachment":[{"href":"https:\/\/mopharm.ba\/wp\/wp-json\/wp\/v2\/media?parent=1770"}],"wp:term":[{"taxonomy":"product_cat","embeddable":true,"href":"https:\/\/mopharm.ba\/wp\/wp-json\/wp\/v2\/product_cat?post=1770"},{"taxonomy":"product_tag","embeddable":true,"href":"https:\/\/mopharm.ba\/wp\/wp-json\/wp\/v2\/product_tag?post=1770"}],"curies":[{"name":"wp","href":"https:\/\/api.w.org\/{rel}","templated":true}]}}