{"id":177,"date":"2023-01-12T18:47:27","date_gmt":"2023-01-12T17:47:27","guid":{"rendered":"https:\/\/mopharm.ba\/wp\/?post_type=product&#038;p=177"},"modified":"2023-02-14T13:11:09","modified_gmt":"2023-02-14T12:11:09","slug":"solgar-folna-kiselina-400-mcg-tbl-a-100","status":"publish","type":"product","link":"https:\/\/mopharm.ba\/wp\/product\/solgar-folna-kiselina-400-mcg-tbl-a-100\/","title":{"rendered":"SOLGAR FOLNA KISELINA 400 MCG TBL A 100"},"content":{"rendered":"","protected":false},"excerpt":{"rendered":"<p>Izuzetno bitan vitamin za \u017eene generativne dobi. Folna kiselina, prirodnog podrijetla, pridonosi rastu maj\u010dina tkiva tijekom trudno\u0107e, normalnoj sintezi aminokiselina, normalnoj funkciji imunolo\u0161kog sustava te smanjenju umora i iscrpljenosti.<\/p>\n","protected":false},"featured_media":178,"comment_status":"open","ping_status":"closed","template":"","meta":[],"product_cat":[19],"product_tag":[22],"class_list":["post-177","product","type-product","status-publish","has-post-thumbnail","hentry","product_cat-dodaci-prehrani","product_tag-solgar"],"_links":{"self":[{"href":"https:\/\/mopharm.ba\/wp\/wp-json\/wp\/v2\/product\/177","targetHints":{"allow":["GET"]}}],"collection":[{"href":"https:\/\/mopharm.ba\/wp\/wp-json\/wp\/v2\/product"}],"about":[{"href":"https:\/\/mopharm.ba\/wp\/wp-json\/wp\/v2\/types\/product"}],"replies":[{"embeddable":true,"href":"https:\/\/mopharm.ba\/wp\/wp-json\/wp\/v2\/comments?post=177"}],"wp:featuredmedia":[{"embeddable":true,"href":"https:\/\/mopharm.ba\/wp\/wp-json\/wp\/v2\/media\/178"}],"wp:attachment":[{"href":"https:\/\/mopharm.ba\/wp\/wp-json\/wp\/v2\/media?parent=177"}],"wp:term":[{"taxonomy":"product_cat","embeddable":true,"href":"https:\/\/mopharm.ba\/wp\/wp-json\/wp\/v2\/product_cat?post=177"},{"taxonomy":"product_tag","embeddable":true,"href":"https:\/\/mopharm.ba\/wp\/wp-json\/wp\/v2\/product_tag?post=177"}],"curies":[{"name":"wp","href":"https:\/\/api.w.org\/{rel}","templated":true}]}}