{"id":175,"date":"2023-01-12T18:44:28","date_gmt":"2023-01-12T17:44:28","guid":{"rendered":"https:\/\/mopharm.ba\/wp\/?post_type=product&#038;p=175"},"modified":"2023-02-14T13:11:09","modified_gmt":"2023-02-14T12:11:09","slug":"solgar-ester-c-plus-500mg-cps-a-50","status":"publish","type":"product","link":"https:\/\/mopharm.ba\/wp\/product\/solgar-ester-c-plus-500mg-cps-a-50\/","title":{"rendered":"SOLGAR ESTER C PLUS 500MG CPS A 50"},"content":{"rendered":"","protected":false},"excerpt":{"rendered":"<p>PH neutralna formulacija vitamina C u kompleksu s bioflavonoidima stvorena s ciljem smanjenja iritacije \u017eelu\u010dane sluznice. Vitamin C smanjuje osloba\u0111anje i poti\u010de razgradnju histamina kod alergijskih reakcija. Sna\u017ean je antioksidans koji sprje\u010dava \u0161tetno djelovanje slobodnih radikala.<\/p>\n","protected":false},"featured_media":176,"comment_status":"open","ping_status":"closed","template":"","meta":[],"product_cat":[19],"product_tag":[22],"class_list":["post-175","product","type-product","status-publish","has-post-thumbnail","hentry","product_cat-dodaci-prehrani","product_tag-solgar"],"_links":{"self":[{"href":"https:\/\/mopharm.ba\/wp\/wp-json\/wp\/v2\/product\/175","targetHints":{"allow":["GET"]}}],"collection":[{"href":"https:\/\/mopharm.ba\/wp\/wp-json\/wp\/v2\/product"}],"about":[{"href":"https:\/\/mopharm.ba\/wp\/wp-json\/wp\/v2\/types\/product"}],"replies":[{"embeddable":true,"href":"https:\/\/mopharm.ba\/wp\/wp-json\/wp\/v2\/comments?post=175"}],"wp:featuredmedia":[{"embeddable":true,"href":"https:\/\/mopharm.ba\/wp\/wp-json\/wp\/v2\/media\/176"}],"wp:attachment":[{"href":"https:\/\/mopharm.ba\/wp\/wp-json\/wp\/v2\/media?parent=175"}],"wp:term":[{"taxonomy":"product_cat","embeddable":true,"href":"https:\/\/mopharm.ba\/wp\/wp-json\/wp\/v2\/product_cat?post=175"},{"taxonomy":"product_tag","embeddable":true,"href":"https:\/\/mopharm.ba\/wp\/wp-json\/wp\/v2\/product_tag?post=175"}],"curies":[{"name":"wp","href":"https:\/\/api.w.org\/{rel}","templated":true}]}}