{"id":1745,"date":"2023-07-07T12:49:14","date_gmt":"2023-07-07T11:49:14","guid":{"rendered":"https:\/\/mopharm.ba\/wp\/?post_type=product&#038;p=1745"},"modified":"2023-07-07T12:49:14","modified_gmt":"2023-07-07T11:49:14","slug":"dr-grandel-purigel-200ml","status":"publish","type":"product","link":"https:\/\/mopharm.ba\/wp\/product\/dr-grandel-purigel-200ml\/","title":{"rendered":"Dr.Grandel PURIGEL 200ml"},"content":{"rendered":"","protected":false},"excerpt":{"rendered":"<p>Dr.Grandel Purigel je lagani gel za \u010di\u0161\u0107enje za svakodnevno \u010di\u0161\u0107enje lica. Ostavlja ko\u017eu \u010distom i osvje\u017eenom sve do dubine pora.<\/p>\n<p>U kombinaciji s vodom, gelasta formula se pretvara u vrlo nje\u017enu emulziju. Purigel temeljito uklanja \u010destice prljav\u0161tine i \u0161minku s ko\u017ee. Nakon \u010di\u0161\u0107enja lica na ko\u017ei ostaje svje\u017e, \u010dist ten \u2013 bez neugodnog osje\u0107aja zatezanja.<\/p>\n<p>PAKIRANJE: bo\u010dica<\/p>\n<p>Profesionalni savjet DR. GRANDEL:<\/p>\n<p>Zahvaljuju\u0107i neutralnom mirisu, gel za \u010di\u0161\u0107enje Purigel vrlo je prikladan i za mu\u0161karce.<\/p>\n","protected":false},"featured_media":1746,"comment_status":"open","ping_status":"closed","template":"","meta":[],"product_cat":[66],"product_tag":[],"class_list":["post-1745","product","type-product","status-publish","has-post-thumbnail","hentry","product_cat-dermokozmetika"],"_links":{"self":[{"href":"https:\/\/mopharm.ba\/wp\/wp-json\/wp\/v2\/product\/1745","targetHints":{"allow":["GET"]}}],"collection":[{"href":"https:\/\/mopharm.ba\/wp\/wp-json\/wp\/v2\/product"}],"about":[{"href":"https:\/\/mopharm.ba\/wp\/wp-json\/wp\/v2\/types\/product"}],"replies":[{"embeddable":true,"href":"https:\/\/mopharm.ba\/wp\/wp-json\/wp\/v2\/comments?post=1745"}],"wp:featuredmedia":[{"embeddable":true,"href":"https:\/\/mopharm.ba\/wp\/wp-json\/wp\/v2\/media\/1746"}],"wp:attachment":[{"href":"https:\/\/mopharm.ba\/wp\/wp-json\/wp\/v2\/media?parent=1745"}],"wp:term":[{"taxonomy":"product_cat","embeddable":true,"href":"https:\/\/mopharm.ba\/wp\/wp-json\/wp\/v2\/product_cat?post=1745"},{"taxonomy":"product_tag","embeddable":true,"href":"https:\/\/mopharm.ba\/wp\/wp-json\/wp\/v2\/product_tag?post=1745"}],"curies":[{"name":"wp","href":"https:\/\/api.w.org\/{rel}","templated":true}]}}