{"id":1732,"date":"2023-07-07T08:28:09","date_gmt":"2023-07-07T07:28:09","guid":{"rendered":"https:\/\/mopharm.ba\/wp\/?post_type=product&#038;p=1732"},"modified":"2023-07-07T08:28:09","modified_gmt":"2023-07-07T07:28:09","slug":"dr-grandel-hydro-active-moisturizer-50ml","status":"publish","type":"product","link":"https:\/\/mopharm.ba\/wp\/product\/dr-grandel-hydro-active-moisturizer-50ml\/","title":{"rendered":"DR. GRANDEL Hydro Active Moisturizer 50ml"},"content":{"rendered":"","protected":false},"excerpt":{"rendered":"<p>DR. GRANDEL Hydro Active Moisturizer 50ml je lagana i bogata krema savr\u0161ena da pru\u017ei intenzivnu 24-satnu hidrataciju svakom tipu ko\u017ee, posebno najsuvoj i najdehidriranijoj. Me\u0111utim, \u010dak i mje\u0161ovitoj ko\u017ei potrebna je opu\u0161taju\u0107a hidratacija u hladnije doba godine. Na taj na\u010din ova specifi\u010dna krema postaje spas za sve tipove ko\u017ee u razli\u010ditim prilikama! Nadalje, odabrani aktivni sastojci zagla\u0111uju grube, suhe dijelove ko\u017ee i \u0161tite je od daljnjeg gubitka vlage. Na kraju, ko\u017ea je potpuno osvje\u017eena, vidljivo negovana i mnogo zdravija.<\/p>\n<p>Jedna od glavnih komponenti ove kreme su ceramidi. Posebni lipidni molekuli su glavna komponenta prirodnog me\u0111u\u0107elijskog cementa ko\u017ee. Zauzvrat, zagla\u0111uju ko\u017eu, spre\u010davaju gubitak vlage i podr\u017eavaju njenu otpornost, elasti\u010dnost i tonus. S druge strane, Algae Seawater Complex sastavljen od sme\u0111ih algi, aminokiselina iz mikroalgi i morske vode daje intenzivnu vlagu ko\u017ei, \u010dine\u0107i je potpuno glatkom. Osim toga, podr\u017eavaju prirodne hidratantne faktore ko\u017ee i djeluju remineraliziraju\u0107e. Tako je vidljivo i opipljivo pobolj\u0161ana sposobnost ko\u017ee da ve\u017ee vlagu.<\/p>\n<p>Karakteristike<br \/>\nTekstura: krema;<br \/>\nProblemi s ko\u017eom: dehidracija, suho\u0107a;<br \/>\nVrijeme primjene: ujutro i uve\u010de;<br \/>\nStarost: 15+;<br \/>\nTip ko\u017ee: normalna do suha ko\u017ea;<br \/>\nGlavne prednosti: dubinski hidrira ko\u017eu lica \u010dine\u0107i je glatkijom, sa manje grubih i suvih delova i ostavljaju\u0107i je mek\u0161om na dodir, osve\u017eava ten i poma\u017ee da se vlaga zadr\u017ei na povr\u0161ini do 24 sata.<br \/>\nGlavni sastojci<br \/>\nCeramidi su glavna komponenta prirodnog me\u0111u\u0107elijskog cementa. Zagla\u0111uju ko\u017eu, spre\u010davaju gubitak vlage i podr\u017eavaju njenu otpornost, elasti\u010dnost i tonus.;<br \/>\nAlgae Seawater Complex sa sme\u0111im algama, aminokiselinama iz mikroalgi i morskom vodom daju intenzivnu vlagu. Podr\u017eavaju prirodne hidratantne faktore ko\u017ee i imaju efekat remineralizacije. Osim toga, sposobnost ko\u017ee da ve\u017ee vlagu je vidljivo i opipljivo pobolj\u0161ana.<br \/>\nKako koristiti<br \/>\nNanesite koli\u010dinu DR. GRANDEL Hydro Active Moisturizer 50ml veli\u010dine lje\u0161njaka za lice, vrat i dekolte ujutro i uve\u010de, nakon \u010di\u0161\u0107enja i nano\u0161enja odgovaraju\u0107eg proizvoda za njegu o\u010diju.<\/p>\n<p>Sastojci<br \/>\nIndikacije proizvoda<br \/>\nSuha ko\u017ea<\/p>\n","protected":false},"featured_media":1733,"comment_status":"open","ping_status":"closed","template":"","meta":[],"product_cat":[66],"product_tag":[],"class_list":["post-1732","product","type-product","status-publish","has-post-thumbnail","hentry","product_cat-dermokozmetika"],"_links":{"self":[{"href":"https:\/\/mopharm.ba\/wp\/wp-json\/wp\/v2\/product\/1732","targetHints":{"allow":["GET"]}}],"collection":[{"href":"https:\/\/mopharm.ba\/wp\/wp-json\/wp\/v2\/product"}],"about":[{"href":"https:\/\/mopharm.ba\/wp\/wp-json\/wp\/v2\/types\/product"}],"replies":[{"embeddable":true,"href":"https:\/\/mopharm.ba\/wp\/wp-json\/wp\/v2\/comments?post=1732"}],"wp:featuredmedia":[{"embeddable":true,"href":"https:\/\/mopharm.ba\/wp\/wp-json\/wp\/v2\/media\/1733"}],"wp:attachment":[{"href":"https:\/\/mopharm.ba\/wp\/wp-json\/wp\/v2\/media?parent=1732"}],"wp:term":[{"taxonomy":"product_cat","embeddable":true,"href":"https:\/\/mopharm.ba\/wp\/wp-json\/wp\/v2\/product_cat?post=1732"},{"taxonomy":"product_tag","embeddable":true,"href":"https:\/\/mopharm.ba\/wp\/wp-json\/wp\/v2\/product_tag?post=1732"}],"curies":[{"name":"wp","href":"https:\/\/api.w.org\/{rel}","templated":true}]}}