{"id":1719,"date":"2023-06-23T09:53:52","date_gmt":"2023-06-23T08:53:52","guid":{"rendered":"https:\/\/mopharm.ba\/wp\/?post_type=product&#038;p=1719"},"modified":"2023-06-23T09:53:52","modified_gmt":"2023-06-23T08:53:52","slug":"dr-grandel-filler-28caps","status":"publish","type":"product","link":"https:\/\/mopharm.ba\/wp\/product\/dr-grandel-filler-28caps\/","title":{"rendered":"Dr.Grandel Filler 28caps"},"content":{"rendered":"","protected":false},"excerpt":{"rendered":"<p>Intenzivno hidratiziraju ko\u017eu, Hydro Active Hyaluron Filler Caps ostavljaju ko\u017eu bar\u0161unasto mekom. Zahvaljuju\u0107i Filler Hyaluron-u, formula sli\u010dna gelu trenutno vla\u017ei ko\u017eu i posebno podi\u017ee isu\u0161ene linije. Za glatku ko\u017eu koja izgleda podebljano.<\/p>\n<p>PAKOVANJE: dozator<\/p>\n<p>Savjet: Pa\u017enja! Nemojte jesti niti gutati. Izbjegavajte podru\u010dje oko o\u010diju. \u010cuvati izvan dohvata djece.<\/p>\n<p>NE JESTI NI GUTATI. SAMO ZA VANJSKU UPOTREBU. IZBJEGAVAJTE PODRU\u010cJA OKOJA. \u010cUVATI IZVAN DOHVATA DJECE.<\/p>\n","protected":false},"featured_media":1720,"comment_status":"open","ping_status":"closed","template":"","meta":[],"product_cat":[66],"product_tag":[136],"class_list":["post-1719","product","type-product","status-publish","has-post-thumbnail","hentry","product_cat-dermokozmetika","product_tag-dr-grandel"],"_links":{"self":[{"href":"https:\/\/mopharm.ba\/wp\/wp-json\/wp\/v2\/product\/1719","targetHints":{"allow":["GET"]}}],"collection":[{"href":"https:\/\/mopharm.ba\/wp\/wp-json\/wp\/v2\/product"}],"about":[{"href":"https:\/\/mopharm.ba\/wp\/wp-json\/wp\/v2\/types\/product"}],"replies":[{"embeddable":true,"href":"https:\/\/mopharm.ba\/wp\/wp-json\/wp\/v2\/comments?post=1719"}],"wp:featuredmedia":[{"embeddable":true,"href":"https:\/\/mopharm.ba\/wp\/wp-json\/wp\/v2\/media\/1720"}],"wp:attachment":[{"href":"https:\/\/mopharm.ba\/wp\/wp-json\/wp\/v2\/media?parent=1719"}],"wp:term":[{"taxonomy":"product_cat","embeddable":true,"href":"https:\/\/mopharm.ba\/wp\/wp-json\/wp\/v2\/product_cat?post=1719"},{"taxonomy":"product_tag","embeddable":true,"href":"https:\/\/mopharm.ba\/wp\/wp-json\/wp\/v2\/product_tag?post=1719"}],"curies":[{"name":"wp","href":"https:\/\/api.w.org\/{rel}","templated":true}]}}