{"id":1687,"date":"2023-06-22T12:14:17","date_gmt":"2023-06-22T11:14:17","guid":{"rendered":"https:\/\/mopharm.ba\/wp\/?post_type=product&#038;p=1687"},"modified":"2023-06-22T12:14:17","modified_gmt":"2023-06-22T11:14:17","slug":"dr-grandel-beauty-date","status":"publish","type":"product","link":"https:\/\/mopharm.ba\/wp\/product\/dr-grandel-beauty-date\/","title":{"rendered":"Dr.Grandel Beauty Date"},"content":{"rendered":"","protected":false},"excerpt":{"rendered":"<p>Beauty Date ampule daju ru\u017ei\u010dasto-lijepi sjaj za sljede\u0107i spoj ili prigodu. Idealne za ko\u017eu umornog, sivog tona.<br \/>\nRu\u017ei\u010dasta ampula s aktivnim sastojkom Beauty Date zagla\u0111uje, smanjuje mimi\u010dke bore i pobolj\u0161ava ten. Za brzi program ljepote.<\/p>\n<p>PAKIRANJE: ampula<\/p>\n<p>Ampula posebno dobro djeluje kao intenzivna njega prije posebnih prilika. Savr\u0161eno pripremite svoju ko\u017eu kako bi se svaki make-up mogao nanijeti i prikazati u najboljem izdanju.<\/p>\n","protected":false},"featured_media":1688,"comment_status":"open","ping_status":"closed","template":"","meta":[],"product_cat":[66],"product_tag":[136],"class_list":["post-1687","product","type-product","status-publish","has-post-thumbnail","hentry","product_cat-dermokozmetika","product_tag-dr-grandel"],"_links":{"self":[{"href":"https:\/\/mopharm.ba\/wp\/wp-json\/wp\/v2\/product\/1687","targetHints":{"allow":["GET"]}}],"collection":[{"href":"https:\/\/mopharm.ba\/wp\/wp-json\/wp\/v2\/product"}],"about":[{"href":"https:\/\/mopharm.ba\/wp\/wp-json\/wp\/v2\/types\/product"}],"replies":[{"embeddable":true,"href":"https:\/\/mopharm.ba\/wp\/wp-json\/wp\/v2\/comments?post=1687"}],"wp:featuredmedia":[{"embeddable":true,"href":"https:\/\/mopharm.ba\/wp\/wp-json\/wp\/v2\/media\/1688"}],"wp:attachment":[{"href":"https:\/\/mopharm.ba\/wp\/wp-json\/wp\/v2\/media?parent=1687"}],"wp:term":[{"taxonomy":"product_cat","embeddable":true,"href":"https:\/\/mopharm.ba\/wp\/wp-json\/wp\/v2\/product_cat?post=1687"},{"taxonomy":"product_tag","embeddable":true,"href":"https:\/\/mopharm.ba\/wp\/wp-json\/wp\/v2\/product_tag?post=1687"}],"curies":[{"name":"wp","href":"https:\/\/api.w.org\/{rel}","templated":true}]}}