{"id":1623,"date":"2023-05-04T11:43:47","date_gmt":"2023-05-04T10:43:47","guid":{"rendered":"https:\/\/mopharm.ba\/wp\/?post_type=product&#038;p=1623"},"modified":"2023-05-04T11:44:24","modified_gmt":"2023-05-04T10:44:24","slug":"bioderma-sensibio-h2o-micelarna-250-ml","status":"publish","type":"product","link":"https:\/\/mopharm.ba\/wp\/product\/bioderma-sensibio-h2o-micelarna-250-ml\/","title":{"rendered":"BIODERMA SENSIBIO H2O MICELARNA 250 ML"},"content":{"rendered":"","protected":false},"excerpt":{"rendered":"<p>Micelarna voda za \u010di\u0161\u0107enje i uklanjanje \u0161minke koja po\u0161tuje tanku i osjetljivu ko\u017eu.<\/p>\n<p>\u010cisti ko\u017eu od ne\u010disto\u0107a i \u010destica zaga\u0111enja<br \/>\nUklanja \u0161minku sa lica i o\u010diju<br \/>\nUmiruje<br \/>\nSmiruje iziritiranu ko\u017eu<br \/>\n\u010cuva prirodnu ravnote\u017eu ko\u017ee<br \/>\nVisoka tolerancija &#8211; Ne ispira se &#8211; Neparfemisano<br \/>\nSensibio H2O je micelarna voda za \u010di\u0161\u0107enje lica i uklanjanje \u0161minke namijenjena osjetljivoj ko\u017ei.<\/p>\n<p>Micele u sastavu Sensibio H2O, temeljno \u010diste ko\u017eu i uklanjaju \u0161minku, sprje\u010davaju\u0107i zaga\u0111iva\u010de da prodru u ko\u017eu i pogor\u0161aju njenu osjetljivost. Micelarna tehnologija koju je razvila Laboratorija BIODERMA, inspirisana je \u0107elijskim lipidima koji se nalaze u ko\u017ei. U savr\u0161enoj ravnote\u017ei sa ko\u017eom, Sensibio H2O \u010duva njenu za\u0161titnu barijeru. Formulisana sa fiziolo\u0161kim pH od 5.5 Sensibio H2O po\u0161tuje biolo\u0161ku ravnote\u017eu ko\u017ee, \u0161to je neophodno za odr\u017eavanje zdrave ko\u017ee. Umiruje i sprje\u010dava nastanak inflamacija. Sadr\u017ei visoko pre\u010di\u0161\u0107enu vodu, farmaceutskog stepena \u010disto\u0107e. Tako\u0111e, sadr\u017ei kompleks 3 biomimetska umiruju\u0107a \u0161e\u0107era koji sprje\u010davaju inflamatorni proces.<br \/>\nPa\u017eljiv odabir sastojaka garantuje visoku toleranciju i bezbijednost.<\/p>\n<p>Pakovanje: 250ml<\/p>\n<p>Primjena: Ujutru i\/ili uve\u010de, svakodnevno<br \/>\nKorak 1: Nanesite Sensibio H2O na pamu\u010dni tufer.<br \/>\nKorak 2: Nje\u017eno o\u010distite i\/ili skinite \u0161minku sa lica i o\u010diju.<br \/>\nKorak 3: Ponavljajte postupak dok tufer ne ostane \u010dist.<br \/>\nKorak 4: Nije potrebno ispirati.<br \/>\nKorak 5: Nje\u017eno osu\u0161ite lice tapkaju\u0107i ga \u010distim, pamu\u010dnim pe\u0161kirom.<\/p>\n","protected":false},"featured_media":1624,"comment_status":"open","ping_status":"closed","template":"","meta":[],"product_cat":[66],"product_tag":[],"class_list":["post-1623","product","type-product","status-publish","has-post-thumbnail","hentry","product_cat-dermokozmetika"],"_links":{"self":[{"href":"https:\/\/mopharm.ba\/wp\/wp-json\/wp\/v2\/product\/1623","targetHints":{"allow":["GET"]}}],"collection":[{"href":"https:\/\/mopharm.ba\/wp\/wp-json\/wp\/v2\/product"}],"about":[{"href":"https:\/\/mopharm.ba\/wp\/wp-json\/wp\/v2\/types\/product"}],"replies":[{"embeddable":true,"href":"https:\/\/mopharm.ba\/wp\/wp-json\/wp\/v2\/comments?post=1623"}],"wp:featuredmedia":[{"embeddable":true,"href":"https:\/\/mopharm.ba\/wp\/wp-json\/wp\/v2\/media\/1624"}],"wp:attachment":[{"href":"https:\/\/mopharm.ba\/wp\/wp-json\/wp\/v2\/media?parent=1623"}],"wp:term":[{"taxonomy":"product_cat","embeddable":true,"href":"https:\/\/mopharm.ba\/wp\/wp-json\/wp\/v2\/product_cat?post=1623"},{"taxonomy":"product_tag","embeddable":true,"href":"https:\/\/mopharm.ba\/wp\/wp-json\/wp\/v2\/product_tag?post=1623"}],"curies":[{"name":"wp","href":"https:\/\/api.w.org\/{rel}","templated":true}]}}