{"id":161,"date":"2023-01-12T18:10:30","date_gmt":"2023-01-12T17:10:30","guid":{"rendered":"https:\/\/mopharm.ba\/wp\/?post_type=product&#038;p=161"},"modified":"2023-02-14T13:11:09","modified_gmt":"2023-02-14T12:11:09","slug":"solgar-antioxidant-formula-cps-a-60","status":"publish","type":"product","link":"https:\/\/mopharm.ba\/wp\/product\/solgar-antioxidant-formula-cps-a-60\/","title":{"rendered":"SOLGAR ANTIOXIDANT FORMULA CPS A 60"},"content":{"rendered":"","protected":false},"excerpt":{"rendered":"<p>Slo\u017eena antioksidativna formula \u010diji sastojci, kao \u0161to su vitamin C, EB2, cink, selen, mangan i bakar pridonose za\u0161titi \u0107elija i tkiva od oksidativnog stresa. Vitamini C i A te minerali selen, cink i bakar ujedno doprinose normalnoj funkciji imunog sistema.<\/p>\n","protected":false},"featured_media":162,"comment_status":"open","ping_status":"closed","template":"","meta":[],"product_cat":[19],"product_tag":[22],"class_list":["post-161","product","type-product","status-publish","has-post-thumbnail","hentry","product_cat-dodaci-prehrani","product_tag-solgar"],"_links":{"self":[{"href":"https:\/\/mopharm.ba\/wp\/wp-json\/wp\/v2\/product\/161","targetHints":{"allow":["GET"]}}],"collection":[{"href":"https:\/\/mopharm.ba\/wp\/wp-json\/wp\/v2\/product"}],"about":[{"href":"https:\/\/mopharm.ba\/wp\/wp-json\/wp\/v2\/types\/product"}],"replies":[{"embeddable":true,"href":"https:\/\/mopharm.ba\/wp\/wp-json\/wp\/v2\/comments?post=161"}],"wp:featuredmedia":[{"embeddable":true,"href":"https:\/\/mopharm.ba\/wp\/wp-json\/wp\/v2\/media\/162"}],"wp:attachment":[{"href":"https:\/\/mopharm.ba\/wp\/wp-json\/wp\/v2\/media?parent=161"}],"wp:term":[{"taxonomy":"product_cat","embeddable":true,"href":"https:\/\/mopharm.ba\/wp\/wp-json\/wp\/v2\/product_cat?post=161"},{"taxonomy":"product_tag","embeddable":true,"href":"https:\/\/mopharm.ba\/wp\/wp-json\/wp\/v2\/product_tag?post=161"}],"curies":[{"name":"wp","href":"https:\/\/api.w.org\/{rel}","templated":true}]}}