{"id":1463,"date":"2023-03-02T19:21:47","date_gmt":"2023-03-02T18:21:47","guid":{"rendered":"https:\/\/mopharm.ba\/wp\/?post_type=product&#038;p=1463"},"modified":"2023-06-01T09:20:34","modified_gmt":"2023-06-01T08:20:34","slug":"ducray-melascreen-lagana-krema-spf-15-40-ml","status":"publish","type":"product","link":"https:\/\/mopharm.ba\/wp\/product\/ducray-melascreen-lagana-krema-spf-15-40-ml\/","title":{"rendered":"DUCRAY MELASCREEN LAGANA KREMA SPF 15 40 ML"},"content":{"rendered":"","protected":false},"excerpt":{"rendered":"<p>Za njegu ko\u017ee s lokaliziranim tamnim mrljama. Posvjetljuje i ujedna\u010dava ten. Protiv tamnih mrlja, za normalnu i mje\u0161ovitu ko\u017eu.<\/p>\n","protected":false},"featured_media":1464,"comment_status":"open","ping_status":"closed","template":"","meta":[],"product_cat":[23],"product_tag":[118],"class_list":["post-1463","product","type-product","status-publish","has-post-thumbnail","hentry","product_cat-kozmetika","product_tag-ducray"],"_links":{"self":[{"href":"https:\/\/mopharm.ba\/wp\/wp-json\/wp\/v2\/product\/1463","targetHints":{"allow":["GET"]}}],"collection":[{"href":"https:\/\/mopharm.ba\/wp\/wp-json\/wp\/v2\/product"}],"about":[{"href":"https:\/\/mopharm.ba\/wp\/wp-json\/wp\/v2\/types\/product"}],"replies":[{"embeddable":true,"href":"https:\/\/mopharm.ba\/wp\/wp-json\/wp\/v2\/comments?post=1463"}],"wp:featuredmedia":[{"embeddable":true,"href":"https:\/\/mopharm.ba\/wp\/wp-json\/wp\/v2\/media\/1464"}],"wp:attachment":[{"href":"https:\/\/mopharm.ba\/wp\/wp-json\/wp\/v2\/media?parent=1463"}],"wp:term":[{"taxonomy":"product_cat","embeddable":true,"href":"https:\/\/mopharm.ba\/wp\/wp-json\/wp\/v2\/product_cat?post=1463"},{"taxonomy":"product_tag","embeddable":true,"href":"https:\/\/mopharm.ba\/wp\/wp-json\/wp\/v2\/product_tag?post=1463"}],"curies":[{"name":"wp","href":"https:\/\/api.w.org\/{rel}","templated":true}]}}