{"id":1461,"date":"2023-03-02T19:17:57","date_gmt":"2023-03-02T18:17:57","guid":{"rendered":"https:\/\/mopharm.ba\/wp\/?post_type=product&#038;p=1461"},"modified":"2023-06-01T09:20:34","modified_gmt":"2023-06-01T08:20:34","slug":"ducray-melascreen-krema-spf-50-bogata-40-ml","status":"publish","type":"product","link":"https:\/\/mopharm.ba\/wp\/product\/ducray-melascreen-krema-spf-50-bogata-40-ml\/","title":{"rendered":"DUCRAY MELASCREEN KREMA SPF 50+ BOGATA 40 ML"},"content":{"rendered":"","protected":false},"excerpt":{"rendered":"<p>Melascreen UV bogata krema SPF50+ namijenjena je za\u0161titi ko\u017ee od hiperpigmentacija izazvanih suncem, lokaliziranih tamnih mrlja i stara\u010dkih pjega.<\/p>\n<p>Djeluje tako da ograni\u010dava i posvjetljuje tamne mrlje, zahvaljuju\u0107i kombinaciji djelatnih tvari: fotoza\u0161titni sustav \u0161irokog sprektra blokira UVA i UVB zrake, RonaCare AP\u00ae * poma\u017ee ograni\u010diti tamne mrlje i \u0161titi od fotostarenja.<\/p>\n<p>Glatka, nemasna tekstura hidrira ko\u017eu s mat zavr\u0161etkom.<\/p>\n<p>Formula je fotostabilna, nevidljiva te otporna na vodu i znojenje, \u010dak i u vru\u0107im podnebljima.<\/p>\n<p>NEKOMEDONO. BEZ PARFEMA.<\/p>\n<p>Formulirano kako bi se smanjio rizik od alergijskih reakcija.<\/p>\n<p>Ispitano pod nadzorom dermatologa.<\/p>\n<p>Na\u010din uporabe<\/p>\n<p>Prije svakog izlaganja suncu, ravnomjerno nanijeti 5 do 6 doza na lice, 9 do 10 doza na podru\u010dje dekoltea i 1 do 2 doze na svaku nadlanicu.<\/p>\n","protected":false},"featured_media":1462,"comment_status":"open","ping_status":"closed","template":"","meta":[],"product_cat":[23],"product_tag":[118],"class_list":["post-1461","product","type-product","status-publish","has-post-thumbnail","hentry","product_cat-kozmetika","product_tag-ducray"],"_links":{"self":[{"href":"https:\/\/mopharm.ba\/wp\/wp-json\/wp\/v2\/product\/1461","targetHints":{"allow":["GET"]}}],"collection":[{"href":"https:\/\/mopharm.ba\/wp\/wp-json\/wp\/v2\/product"}],"about":[{"href":"https:\/\/mopharm.ba\/wp\/wp-json\/wp\/v2\/types\/product"}],"replies":[{"embeddable":true,"href":"https:\/\/mopharm.ba\/wp\/wp-json\/wp\/v2\/comments?post=1461"}],"wp:featuredmedia":[{"embeddable":true,"href":"https:\/\/mopharm.ba\/wp\/wp-json\/wp\/v2\/media\/1462"}],"wp:attachment":[{"href":"https:\/\/mopharm.ba\/wp\/wp-json\/wp\/v2\/media?parent=1461"}],"wp:term":[{"taxonomy":"product_cat","embeddable":true,"href":"https:\/\/mopharm.ba\/wp\/wp-json\/wp\/v2\/product_cat?post=1461"},{"taxonomy":"product_tag","embeddable":true,"href":"https:\/\/mopharm.ba\/wp\/wp-json\/wp\/v2\/product_tag?post=1461"}],"curies":[{"name":"wp","href":"https:\/\/api.w.org\/{rel}","templated":true}]}}