{"id":1422,"date":"2023-03-02T13:23:42","date_gmt":"2023-03-02T12:23:42","guid":{"rendered":"https:\/\/mopharm.ba\/wp\/?post_type=product&#038;p=1422"},"modified":"2023-05-16T08:47:14","modified_gmt":"2023-05-16T07:47:14","slug":"avene-tolerance-hydra-10-krema-40-ml","status":"publish","type":"product","link":"https:\/\/mopharm.ba\/wp\/product\/avene-tolerance-hydra-10-krema-40-ml\/","title":{"rendered":"AVENE TOLERANCE HYDRA 10 KREMA 40 ML"},"content":{"rendered":"","protected":false},"excerpt":{"rendered":"<p>Hidratantna krema za suhu do vrlo suhu ko\u017eu lica. 100% sastojaka prirodnog porijekla. Sadr\u017ei hijaluronsku kiselinu i namijenjena je za bebe, djecu i odrasle. Namjena: Suha do vrlo suha dehidrirana ko\u017ea, osje\u0107aj nelagode, gubitak gipkosti. Pogodno za osjetjivu ko\u017eu. Hidrira 48h. Poma\u017ee pobolj\u0161anju prirodne hidratacije ko\u017ee i vra\u0107a osje\u0107aj udobnosti. \u0160titi prirodnu ravnote\u017eu mikrobioma ko\u017ee zahvaljuju\u0107i svojim sastojcima koji opona\u0161aju sastav ko\u017ee. Sastav: hijaluronska kiselina prirodnog porijekla, glicerin i emulgator. Visoka koncentracija Avene Termalne izvorske vode, she puter, triglicerid i \u0161e\u0107er prirodnog porijekla. Upotreba: Nanesite ujutru i nave\u010de na lice, vrat i podru\u010dje oko o\u010diju.<\/p>\n","protected":false},"featured_media":1423,"comment_status":"open","ping_status":"closed","template":"","meta":[],"product_cat":[23],"product_tag":[116],"class_list":["post-1422","product","type-product","status-publish","has-post-thumbnail","hentry","product_cat-kozmetika","product_tag-avene"],"_links":{"self":[{"href":"https:\/\/mopharm.ba\/wp\/wp-json\/wp\/v2\/product\/1422","targetHints":{"allow":["GET"]}}],"collection":[{"href":"https:\/\/mopharm.ba\/wp\/wp-json\/wp\/v2\/product"}],"about":[{"href":"https:\/\/mopharm.ba\/wp\/wp-json\/wp\/v2\/types\/product"}],"replies":[{"embeddable":true,"href":"https:\/\/mopharm.ba\/wp\/wp-json\/wp\/v2\/comments?post=1422"}],"wp:featuredmedia":[{"embeddable":true,"href":"https:\/\/mopharm.ba\/wp\/wp-json\/wp\/v2\/media\/1423"}],"wp:attachment":[{"href":"https:\/\/mopharm.ba\/wp\/wp-json\/wp\/v2\/media?parent=1422"}],"wp:term":[{"taxonomy":"product_cat","embeddable":true,"href":"https:\/\/mopharm.ba\/wp\/wp-json\/wp\/v2\/product_cat?post=1422"},{"taxonomy":"product_tag","embeddable":true,"href":"https:\/\/mopharm.ba\/wp\/wp-json\/wp\/v2\/product_tag?post=1422"}],"curies":[{"name":"wp","href":"https:\/\/api.w.org\/{rel}","templated":true}]}}