{"id":1393,"date":"2023-03-02T09:54:44","date_gmt":"2023-03-02T08:54:44","guid":{"rendered":"https:\/\/mopharm.ba\/wp\/?post_type=product&#038;p=1393"},"modified":"2023-05-16T08:47:13","modified_gmt":"2023-05-16T07:47:13","slug":"avene-hidrance-optimal-rich","status":"publish","type":"product","link":"https:\/\/mopharm.ba\/wp\/product\/avene-hidrance-optimal-rich\/","title":{"rendered":"AVENE HIDRANCE OPTIMAL RICH"},"content":{"rendered":"","protected":false},"excerpt":{"rendered":"<p>Optimalna difuzija Av\u00e8ne termalne izvorske vode za intenzivnu hidrataciju.<\/p>\n<p>Bogata i hranjiva tekstura \u010dini ko\u017eu mekom i podatnom tokom cijelog dana.<\/p>\n<p>Hydrance bogata hidriraju\u0107a krema namijenjena je suhoj do vrlo suhoj osjetljivoj ko\u017ei.<\/p>\n<p>Zahvaljuju\u0107i patentiranom Cohederm kompleksu, Hydrance bogata hidriraju\u0107a krema:<\/p>\n<p>intenzivno hidrira ko\u017eu i oja\u010dava za\u0161titnu barijeru ko\u017ee,<\/p>\n<p>umiruje ko\u017eu i osigurava obnavljanje rezervoara vode u ko\u017ei, ispunjuju\u0107i ih Av\u00e8ne termalnom izvorskom vodom koja ima dokazano umiruju\u0107e i antiiritacijsko djelovanje.<\/p>\n<p>Pakovanje: 40ml<\/p>\n<p>Primjena: Nanesite na o\u010di\u0161\u0107enu ko\u017eu lica samostalno ili u kombinaciji s Hydrance Intense serumom.<\/p>\n","protected":false},"featured_media":1394,"comment_status":"open","ping_status":"closed","template":"","meta":[],"product_cat":[23],"product_tag":[116],"class_list":["post-1393","product","type-product","status-publish","has-post-thumbnail","hentry","product_cat-kozmetika","product_tag-avene"],"_links":{"self":[{"href":"https:\/\/mopharm.ba\/wp\/wp-json\/wp\/v2\/product\/1393","targetHints":{"allow":["GET"]}}],"collection":[{"href":"https:\/\/mopharm.ba\/wp\/wp-json\/wp\/v2\/product"}],"about":[{"href":"https:\/\/mopharm.ba\/wp\/wp-json\/wp\/v2\/types\/product"}],"replies":[{"embeddable":true,"href":"https:\/\/mopharm.ba\/wp\/wp-json\/wp\/v2\/comments?post=1393"}],"wp:featuredmedia":[{"embeddable":true,"href":"https:\/\/mopharm.ba\/wp\/wp-json\/wp\/v2\/media\/1394"}],"wp:attachment":[{"href":"https:\/\/mopharm.ba\/wp\/wp-json\/wp\/v2\/media?parent=1393"}],"wp:term":[{"taxonomy":"product_cat","embeddable":true,"href":"https:\/\/mopharm.ba\/wp\/wp-json\/wp\/v2\/product_cat?post=1393"},{"taxonomy":"product_tag","embeddable":true,"href":"https:\/\/mopharm.ba\/wp\/wp-json\/wp\/v2\/product_tag?post=1393"}],"curies":[{"name":"wp","href":"https:\/\/api.w.org\/{rel}","templated":true}]}}