{"id":1377,"date":"2023-03-02T09:15:20","date_gmt":"2023-03-02T08:15:20","guid":{"rendered":"https:\/\/mopharm.ba\/wp\/?post_type=product&#038;p=1377"},"modified":"2023-05-16T08:47:12","modified_gmt":"2023-05-16T07:47:12","slug":"avene-cleanance-woman-noc","status":"publish","type":"product","link":"https:\/\/mopharm.ba\/wp\/product\/avene-cleanance-woman-noc\/","title":{"rendered":"AVENE CLEANANCE WOMAN NO\u0106"},"content":{"rendered":"","protected":false},"excerpt":{"rendered":"<p>No\u0107na krema za zagla\u0111ivanje smanjuje o\u017eiljke i nepravilnosti. Namijenjen je za ko\u017eu sklonu nepravilnostima kod odraslih s rezidualnim o\u017eiljcima, neujedna\u010den ten ko\u017ee.<\/p>\n<p>Cleanance Women no\u0107na krema za zagla\u0111ivanje poma\u017ee smanjiti nepravilnosti, mrlje i rezidualne o\u017eiljke. Zagla\u0111uje teksturu ko\u017ee zahvaljuju\u0107i jedinstvenoj kombinaiji sastojaka:<\/p>\n<p>Synovea\u2122 HR doprinosi smanjenju nepravilnosti i ograni\u010dava oksidaciju sebuma.*<\/p>\n<p>X-Pressin\u2122 zagla\u0111uje teksturu ko\u017ee.<\/p>\n<p>Retinaldehid poma\u017ee u smanjenju rezidualnih o\u017eiljaka i istovremeno djeluje na prve znakove starenja ko\u017ee.<\/p>\n<p>Avene Termalna izvorska voda pru\u017ea svoja umiruju\u0107a i omek\u0161avaju\u0107a svojstva.<\/p>\n<p>Neljepljiva \u201ccocoon\u201d tekstura obavija va\u0161u ko\u017eu, pru\u017eaju\u0107i joj hidrataciju i udobnost tijekom no\u0107i.<\/p>\n","protected":false},"featured_media":1378,"comment_status":"open","ping_status":"closed","template":"","meta":[],"product_cat":[23],"product_tag":[116],"class_list":["post-1377","product","type-product","status-publish","has-post-thumbnail","hentry","product_cat-kozmetika","product_tag-avene"],"_links":{"self":[{"href":"https:\/\/mopharm.ba\/wp\/wp-json\/wp\/v2\/product\/1377","targetHints":{"allow":["GET"]}}],"collection":[{"href":"https:\/\/mopharm.ba\/wp\/wp-json\/wp\/v2\/product"}],"about":[{"href":"https:\/\/mopharm.ba\/wp\/wp-json\/wp\/v2\/types\/product"}],"replies":[{"embeddable":true,"href":"https:\/\/mopharm.ba\/wp\/wp-json\/wp\/v2\/comments?post=1377"}],"wp:featuredmedia":[{"embeddable":true,"href":"https:\/\/mopharm.ba\/wp\/wp-json\/wp\/v2\/media\/1378"}],"wp:attachment":[{"href":"https:\/\/mopharm.ba\/wp\/wp-json\/wp\/v2\/media?parent=1377"}],"wp:term":[{"taxonomy":"product_cat","embeddable":true,"href":"https:\/\/mopharm.ba\/wp\/wp-json\/wp\/v2\/product_cat?post=1377"},{"taxonomy":"product_tag","embeddable":true,"href":"https:\/\/mopharm.ba\/wp\/wp-json\/wp\/v2\/product_tag?post=1377"}],"curies":[{"name":"wp","href":"https:\/\/api.w.org\/{rel}","templated":true}]}}