{"id":1362,"date":"2023-03-01T22:04:52","date_gmt":"2023-03-01T21:04:52","guid":{"rendered":"https:\/\/mopharm.ba\/wp\/?post_type=product&#038;p=1362"},"modified":"2023-05-16T08:47:12","modified_gmt":"2023-05-16T07:47:12","slug":"avene-cleanance-comedomed-30ml","status":"publish","type":"product","link":"https:\/\/mopharm.ba\/wp\/product\/avene-cleanance-comedomed-30ml\/","title":{"rendered":"AVENE CLEANANCE COMEDOMED 30ML"},"content":{"rendered":"","protected":false},"excerpt":{"rendered":"<p>Za ko\u017eu sklonu nastanku akne.<\/p>\n<p>Smanjuje pri\u0161ti\u0107e i mitesere. Poma\u017ee smanjenju nastanka novih nepravilnosti.<\/p>\n<p>Dokazana djelotvornost u 7 dana.<\/p>\n<p>Brzo se upija. Za nemasni, mat izgled.<\/p>\n<p>Koncentrirana njega s brzom i dugotrajnom u\u010dinkovito\u0161\u0107u protiv nepravilnosti. Ovaj proizvod nove generacije dugotrajno pobolj\u0161ava kvalitetu va\u0161e ko\u017ee. Nepravilnosti su zna\u010dajno smanjene, ko\u017ea je matirana tokom dana, a pore su su\u017eene.<\/p>\n<p>Bori se protiv otvorenih i zatvorenih komedona (mitesera i pri\u0161ti\u0107a) i ograni\u010dava njihovu ponovnu pojavu, djeluju\u0107i na stadij po\u010detka njihovog nastajanja, mikrokomedone.<\/p>\n<p>Cleanance Comedomed koncentrat namijenjen je za masnu ko\u017eu sklonu nepravilnostima, masnu ko\u017eu s pri\u0161ti\u0107ima i miteserima, sklonu nastanku akne.<\/p>\n<p>Primjena je mogu\u0107a od 12. godine.<\/p>\n<p>Jednostavan i prakti\u010dan za primjenu, zahvaljuju\u0107i bo\u010dici s pumpicom dozatorom. Jedan potisak na pumpicu dovoljan je za pravu dozu proizvoda. Mo\u017ee se koristiti samostalno ili u kombinaciji s anti-akne lijekovima (osim oralnog izotretinoina). Miris proizvoda povezan je s njegovom sna\u017enom djelatnom tvari, brzo nestaje i nema utjecaj na djelovanje proizvoda.<\/p>\n<p>Inovativan djelatni sastojak :<\/p>\n<p>COMEDOCLASTIN &#8211; biljni djelatni sastojak, ekstrakt sjemena sikavice. s patentiranim svojstvima, koji djeluje u trenutku nastajanja komedona i ograni\u010dava njihovo ponovno pojavljivanje.<\/p>\n<p>AV\u00c8NE TERMALNA IZVORSKA VODA &#8211; prirodni djelatni sastojak, s umiruju\u0107im i anti-iritacijskim djelovanjem na ko\u017eu.<\/p>\n<p>LAGANA TEKSTURA<\/p>\n<p>\u010cISTA KO\u017dA, SU\u017dENE PORE, UMANJENE NEPRAVILNOSTI.<\/p>\n<p>Ova gel-krema postat \u0107e va\u0161a svakodnevna njega za smanjenje nastanka novih nepravilnosti, regulaciju prekomjernog lu\u010denje sebuma i smanjenje sjaja. Lagane je fluidne teksture bez masnog zavr\u0161etka te se brzo upija. Po nano\u0161enju ko\u017ea je odmah matirana i osvje\u017eena.<\/p>\n<p>Pakovanje: 30ml<\/p>\n<p>Primjena: Ujutru i uve\u010de nanesite Cleanance Comedomed na o\u010di\u0161\u0107eno lice.<\/p>\n","protected":false},"featured_media":1363,"comment_status":"open","ping_status":"closed","template":"","meta":[],"product_cat":[23],"product_tag":[116],"class_list":["post-1362","product","type-product","status-publish","has-post-thumbnail","hentry","product_cat-kozmetika","product_tag-avene"],"_links":{"self":[{"href":"https:\/\/mopharm.ba\/wp\/wp-json\/wp\/v2\/product\/1362","targetHints":{"allow":["GET"]}}],"collection":[{"href":"https:\/\/mopharm.ba\/wp\/wp-json\/wp\/v2\/product"}],"about":[{"href":"https:\/\/mopharm.ba\/wp\/wp-json\/wp\/v2\/types\/product"}],"replies":[{"embeddable":true,"href":"https:\/\/mopharm.ba\/wp\/wp-json\/wp\/v2\/comments?post=1362"}],"wp:featuredmedia":[{"embeddable":true,"href":"https:\/\/mopharm.ba\/wp\/wp-json\/wp\/v2\/media\/1363"}],"wp:attachment":[{"href":"https:\/\/mopharm.ba\/wp\/wp-json\/wp\/v2\/media?parent=1362"}],"wp:term":[{"taxonomy":"product_cat","embeddable":true,"href":"https:\/\/mopharm.ba\/wp\/wp-json\/wp\/v2\/product_cat?post=1362"},{"taxonomy":"product_tag","embeddable":true,"href":"https:\/\/mopharm.ba\/wp\/wp-json\/wp\/v2\/product_tag?post=1362"}],"curies":[{"name":"wp","href":"https:\/\/api.w.org\/{rel}","templated":true}]}}