{"id":1348,"date":"2023-03-01T21:33:49","date_gmt":"2023-03-01T20:33:49","guid":{"rendered":"https:\/\/mopharm.ba\/wp\/?post_type=product&#038;p=1348"},"modified":"2023-05-16T08:47:12","modified_gmt":"2023-05-16T07:47:12","slug":"avene-blago-mlijeko-za-ciscenje-200-ml","status":"publish","type":"product","link":"https:\/\/mopharm.ba\/wp\/product\/avene-blago-mlijeko-za-ciscenje-200-ml\/","title":{"rendered":"AVENE BLAGO MLIJEKO ZA \u010cI\u0160\u0106ENJE 200 ML"},"content":{"rendered":"","protected":false},"excerpt":{"rendered":"<p>Blago mlijeko za \u010di\u0161\u0107enje namijenjeno je suhoj do vrlo suhoj ko\u017ei.<\/p>\n<p>Bez alkohola.<\/p>\n<p>\u010cISTI I ODSTRANJUJE \u0160MINKU<\/p>\n<p>U\u010dinkovito \u010di\u0161ti i odstranjuje \u0161minku. Nje\u017eno uklanja ne\u010disto\u0107e bez rizika od iritacije.<\/p>\n<p>HIDRIRA<\/p>\n<p>Oboga\u0107eno tvarima za hidraciju. Bez dodatnog isu\u0161ivanja ostavlja osje\u0107aj svje\u017eine na ko\u017ei.<\/p>\n<p>UMIRUJE<\/p>\n<p>Av\u00e8ne termalna izvorska voda umiruje i ostavlja osje\u0107aj ugode na ko\u017ei.<\/p>\n<p>\u0160TITI<\/p>\n<p>Bogate kremaste teksture po\u0161tuje prirodnu za\u0161titu ko\u017ee.<\/p>\n<p>Primjena:<\/p>\n<p>Nanesite s blazinicom na lice i vrat. Nje\u017eno i bez trljanja o\u010distite ko\u017eu i uklonite \u0161minku.<\/p>\n","protected":false},"featured_media":1349,"comment_status":"open","ping_status":"closed","template":"","meta":[],"product_cat":[23],"product_tag":[116],"class_list":["post-1348","product","type-product","status-publish","has-post-thumbnail","hentry","product_cat-kozmetika","product_tag-avene"],"_links":{"self":[{"href":"https:\/\/mopharm.ba\/wp\/wp-json\/wp\/v2\/product\/1348","targetHints":{"allow":["GET"]}}],"collection":[{"href":"https:\/\/mopharm.ba\/wp\/wp-json\/wp\/v2\/product"}],"about":[{"href":"https:\/\/mopharm.ba\/wp\/wp-json\/wp\/v2\/types\/product"}],"replies":[{"embeddable":true,"href":"https:\/\/mopharm.ba\/wp\/wp-json\/wp\/v2\/comments?post=1348"}],"wp:featuredmedia":[{"embeddable":true,"href":"https:\/\/mopharm.ba\/wp\/wp-json\/wp\/v2\/media\/1349"}],"wp:attachment":[{"href":"https:\/\/mopharm.ba\/wp\/wp-json\/wp\/v2\/media?parent=1348"}],"wp:term":[{"taxonomy":"product_cat","embeddable":true,"href":"https:\/\/mopharm.ba\/wp\/wp-json\/wp\/v2\/product_cat?post=1348"},{"taxonomy":"product_tag","embeddable":true,"href":"https:\/\/mopharm.ba\/wp\/wp-json\/wp\/v2\/product_tag?post=1348"}],"curies":[{"name":"wp","href":"https:\/\/api.w.org\/{rel}","templated":true}]}}