{"id":1346,"date":"2023-03-01T21:27:53","date_gmt":"2023-03-01T20:27:53","guid":{"rendered":"https:\/\/mopharm.ba\/wp\/?post_type=product&#038;p=1346"},"modified":"2023-05-16T08:47:12","modified_gmt":"2023-05-16T07:47:12","slug":"avene-antirugeurs-fort-konc-30ml","status":"publish","type":"product","link":"https:\/\/mopharm.ba\/wp\/product\/avene-antirugeurs-fort-konc-30ml\/","title":{"rendered":"AVENE ANTIRUGEURS FORT KONC 30ML"},"content":{"rendered":"","protected":false},"excerpt":{"rendered":"<p>Eau Thermale Av\u00e8ne Antirougeurs FORT koncentrat za njegu ko\u017ee kod trajno prisutnog crvenila.<\/p>\n<p>Antirougeurs FORT koncentrat za njegu ko\u017ee kod trajno prisutnog crvenila stimulira mikrocirkulaciju i ja\u010da stjenke krvnih \u017eila djelovanjem ekstrakta veprine oboga\u0107enog saponinima i hesperidin metil halkona.<\/p>\n<p>Sadr\u017ei dekstran sulfat koji uklanja nakupljenu teku\u0107inu iz tkiva.<\/p>\n<p>Av\u00e8ne termalna izvorska voda umiruje, djeluje antiiritiraju\u0107e i ostavlja trenutni osje\u0107aj ugode na ko\u017ei.<\/p>\n<p>Intezivan tretman: koncentrirana formula za lokalizirano crvenilo, vidljive male krvne \u017eilice, nelagodu.<\/p>\n<p>Formuliran tako da smanji rizik od alergijskih reakcija.<\/p>\n<p>PROTIV CRVENILA \u2013 Stimulira mikrocirkulaciju i ja\u010da stjenke krvnih \u017eila djelovanjem ekstrakta veprine oboga\u0107enog saponinima i hesperidin metil halkona.<\/p>\n<p>SMANJUJE OTE\u010cENOST \u2013 Sadr\u017ei dekstran sulfat koji uklanja nakupljenu teku\u0107inu iz tkiva.<\/p>\n<p>UMIRUJE \u2013 Av\u00e8ne termalna izvorska voda umiruje, djeluje antiiritiraju\u0107e i ostavlja trenutni osje\u0107aj ugode na ko\u017ei.<\/p>\n<p>INTEZIVAN TRETMAN : koncentrirana formula za ciljano djelovanje protiv crvenila ko\u017ee.<\/p>\n<p>Na\u010din primjene:<\/p>\n<p>Nanesite ujutro i\/ili nave\u010der na zahva\u0107ena podru\u010dja (obrazi i postrani\u010dni dijelovi nosa) nakon \u010di\u0161\u0107enja s Antirougeurs CLEAN osvje\u017eavaju\u0107im mlijekom za \u010di\u0161\u0107enje.<\/p>\n<p>Primjenjuje se samostalno ili u kombinaciji s ostalom lokalnom terapijom te prije i nakon korektivnog tretmana.<\/p>\n<p>Redovitom primjenom Antirougeurs FORT koncentrata kod trajno prisutnog crvenila tijekom intenzivnog tretmana u trajanju od 3 mjeseca zna\u010dajno se smanjuje broj pro\u0161irenih kapilara i vidljivost crvenila ko\u017ee.<\/p>\n","protected":false},"featured_media":1347,"comment_status":"open","ping_status":"closed","template":"","meta":[],"product_cat":[23],"product_tag":[116],"class_list":["post-1346","product","type-product","status-publish","has-post-thumbnail","hentry","product_cat-kozmetika","product_tag-avene"],"_links":{"self":[{"href":"https:\/\/mopharm.ba\/wp\/wp-json\/wp\/v2\/product\/1346","targetHints":{"allow":["GET"]}}],"collection":[{"href":"https:\/\/mopharm.ba\/wp\/wp-json\/wp\/v2\/product"}],"about":[{"href":"https:\/\/mopharm.ba\/wp\/wp-json\/wp\/v2\/types\/product"}],"replies":[{"embeddable":true,"href":"https:\/\/mopharm.ba\/wp\/wp-json\/wp\/v2\/comments?post=1346"}],"wp:featuredmedia":[{"embeddable":true,"href":"https:\/\/mopharm.ba\/wp\/wp-json\/wp\/v2\/media\/1347"}],"wp:attachment":[{"href":"https:\/\/mopharm.ba\/wp\/wp-json\/wp\/v2\/media?parent=1346"}],"wp:term":[{"taxonomy":"product_cat","embeddable":true,"href":"https:\/\/mopharm.ba\/wp\/wp-json\/wp\/v2\/product_cat?post=1346"},{"taxonomy":"product_tag","embeddable":true,"href":"https:\/\/mopharm.ba\/wp\/wp-json\/wp\/v2\/product_tag?post=1346"}],"curies":[{"name":"wp","href":"https:\/\/api.w.org\/{rel}","templated":true}]}}