{"id":1339,"date":"2023-02-28T12:01:21","date_gmt":"2023-02-28T11:01:21","guid":{"rendered":"https:\/\/mopharm.ba\/wp\/?post_type=product&#038;p=1339"},"modified":"2023-05-16T08:47:12","modified_gmt":"2023-05-16T07:47:12","slug":"avene-oxitive-serum-30-ml","status":"publish","type":"product","link":"https:\/\/mopharm.ba\/wp\/product\/avene-oxitive-serum-30-ml\/","title":{"rendered":"AVENE-OXITIVE SERUM 30 ML"},"content":{"rendered":"","protected":false},"excerpt":{"rendered":"<p>Nova KRONOAKTIVNA PROVITAMINSKA ANTI-AGE RUTINA protiv prvih bora, oksidativnog stresa i zaga\u0111enja.<\/p>\n<p>ANTIOKSIDANS<\/p>\n<p>ANTIOKSIDATIVNI ZA\u0160TITINI KOMPLEKS [pro-vitamin E (pre-tokoferil) i pro-vitamin C (askorbil glukozida)] djeluje tijekom dana i \u0161titi ko\u017eu od oksidativnog stresa, odga\u0111a prve znakove starenja i poja\u010dava sjaj ko\u017ee.<\/p>\n<p>IZVOR ENERGIJE<\/p>\n<p>Oboga\u0107en GP4G (prekursor ATP-a, jedini nosilac energije za stanice) za ja\u010danje prirodnih obrambenih mehanizama ko\u017ee.<\/p>\n<p>24H HIDRACIJA<\/p>\n<p>UMIRENA KO\u017dA<\/p>\n<p>Formula sadr\u017ei Av\u00e8ne termalnu izvorsku voda koja prirodno umiruje i omek\u0161ava ko\u017eu.<\/p>\n<p>Ostale informacije i pojedinosti o proizvodu pogledajte na zvani\u010dnoj web stranici proizvoda.<\/p>\n<p>30ml<\/p>\n","protected":false},"featured_media":1340,"comment_status":"open","ping_status":"closed","template":"","meta":[],"product_cat":[23],"product_tag":[116],"class_list":["post-1339","product","type-product","status-publish","has-post-thumbnail","hentry","product_cat-kozmetika","product_tag-avene"],"_links":{"self":[{"href":"https:\/\/mopharm.ba\/wp\/wp-json\/wp\/v2\/product\/1339","targetHints":{"allow":["GET"]}}],"collection":[{"href":"https:\/\/mopharm.ba\/wp\/wp-json\/wp\/v2\/product"}],"about":[{"href":"https:\/\/mopharm.ba\/wp\/wp-json\/wp\/v2\/types\/product"}],"replies":[{"embeddable":true,"href":"https:\/\/mopharm.ba\/wp\/wp-json\/wp\/v2\/comments?post=1339"}],"wp:featuredmedia":[{"embeddable":true,"href":"https:\/\/mopharm.ba\/wp\/wp-json\/wp\/v2\/media\/1340"}],"wp:attachment":[{"href":"https:\/\/mopharm.ba\/wp\/wp-json\/wp\/v2\/media?parent=1339"}],"wp:term":[{"taxonomy":"product_cat","embeddable":true,"href":"https:\/\/mopharm.ba\/wp\/wp-json\/wp\/v2\/product_cat?post=1339"},{"taxonomy":"product_tag","embeddable":true,"href":"https:\/\/mopharm.ba\/wp\/wp-json\/wp\/v2\/product_tag?post=1339"}],"curies":[{"name":"wp","href":"https:\/\/api.w.org\/{rel}","templated":true}]}}