{"id":1323,"date":"2023-02-27T13:56:47","date_gmt":"2023-02-27T12:56:47","guid":{"rendered":"https:\/\/mopharm.ba\/wp\/?post_type=product&#038;p=1323"},"modified":"2023-05-16T08:47:11","modified_gmt":"2023-05-16T07:47:11","slug":"aderma-exomega-control-krema-200-ml","status":"publish","type":"product","link":"https:\/\/mopharm.ba\/wp\/product\/aderma-exomega-control-krema-200-ml\/","title":{"rendered":"ADERMA EXOMEGA CONTROL KREMA 200 ML"},"content":{"rendered":"","protected":false},"excerpt":{"rendered":"<p>A-DERMA Exomega kontrolna krema je nove generacije i namijenjena je pacijentima s atopijskom i vrlo suhom ko\u017eom. Namijenjeno bebama, djeci i odraslima. Smanjuje suho\u0107u ko\u017ee, ubla\u017eava iritacije, vra\u0107a joj prirodnu obranu i \u0161titi je od vanjskih negativnih utjecaja. Koristi se za njegu lica i tijela. Formulacija je bez parfema, parabena i hipoalergena.<\/p>\n<p>Djelovanje: Ekstrakt klice zobi Rhealba\u00ae odgovoran je za svoje protuupalno i imunomodulatorno djelovanje, zbog visoke koncentracije specifi\u010dnih aktivnih sastojaka \u2013 saponina i flavonoida. Saponini su prirodni imunomodulator i inhibiraju lu\u010denje prekomjerno izra\u017eenih interleukina u atopijskom dermatitisu i aktiviraju T limfocite. Flavonoidi djeluju protuupalno \u2013 inhibiraju izlu\u010divanje medijatora upalne reakcije: prostaciklina i leukotriena.Druga aktivna komponenta je Filaxerin\u00ae, koji vra\u0107a za\u0161titni hidrolipidni film ko\u017ee i ubla\u017eava njezinu suho\u0107u. Preporu\u010duje se za atopijski dermatitis i za njegu vrlo suhe ko\u017ee koja svrbi.<\/p>\n<p>Na\u010din primjene: Exomega krema se ne nanosi direktno na ko\u017eu, ve\u0107 se prvo utrlja izme\u0111u dlanova, da se zagrije i tako olak\u0161a njeno \u0161irenje. Tek tada ga nanosimo na ko\u017eu.<\/p>\n<p>Nanesite jednom dnevno. 24-satna hidratacija. Brzo se upija.<\/p>\n<p>Sastojci (INCI): WATER. CAPRYLIC\/CAPRIC TRIGLYCERIDE. GLYCERIN. CETEARYL ALCOHOL. NIACINAMIDE. 10-HYDROXYDECENOIC ACID. AVENA SATIVA (OAT) LEAF\/STEM EXTRACT. CETEARYL GLUCOSIDE. CETYL ALCOHOL. GLYCERYL STEARATE. OENOTHERA BIENNIS (EVENING PRIMROSE) OIL. PEG-100 STEARATE. POLYACRYLATE-13. POLYISOBUTENE. POLYSORBATE 20. SORBITAN ISOSTEARATE. TOCOPHEROL. TOCOPHERYL ACETATE.<\/p>\n","protected":false},"featured_media":1324,"comment_status":"open","ping_status":"closed","template":"","meta":[],"product_cat":[23],"product_tag":[100],"class_list":["post-1323","product","type-product","status-publish","has-post-thumbnail","hentry","product_cat-kozmetika","product_tag-a-derma"],"_links":{"self":[{"href":"https:\/\/mopharm.ba\/wp\/wp-json\/wp\/v2\/product\/1323","targetHints":{"allow":["GET"]}}],"collection":[{"href":"https:\/\/mopharm.ba\/wp\/wp-json\/wp\/v2\/product"}],"about":[{"href":"https:\/\/mopharm.ba\/wp\/wp-json\/wp\/v2\/types\/product"}],"replies":[{"embeddable":true,"href":"https:\/\/mopharm.ba\/wp\/wp-json\/wp\/v2\/comments?post=1323"}],"wp:featuredmedia":[{"embeddable":true,"href":"https:\/\/mopharm.ba\/wp\/wp-json\/wp\/v2\/media\/1324"}],"wp:attachment":[{"href":"https:\/\/mopharm.ba\/wp\/wp-json\/wp\/v2\/media?parent=1323"}],"wp:term":[{"taxonomy":"product_cat","embeddable":true,"href":"https:\/\/mopharm.ba\/wp\/wp-json\/wp\/v2\/product_cat?post=1323"},{"taxonomy":"product_tag","embeddable":true,"href":"https:\/\/mopharm.ba\/wp\/wp-json\/wp\/v2\/product_tag?post=1323"}],"curies":[{"name":"wp","href":"https:\/\/api.w.org\/{rel}","templated":true}]}}