{"id":1218,"date":"2023-02-16T10:26:04","date_gmt":"2023-02-16T09:26:04","guid":{"rendered":"https:\/\/mopharm.ba\/wp\/?post_type=product&#038;p=1218"},"modified":"2023-02-16T10:26:04","modified_gmt":"2023-02-16T09:26:04","slug":"vital-plus-active-so-40-ml","status":"publish","type":"product","link":"https:\/\/mopharm.ba\/wp\/product\/vital-plus-active-so-40-ml\/","title":{"rendered":"VITAL PLUS ACTIVE SO 40 ML"},"content":{"rendered":"","protected":false},"excerpt":{"rendered":"<p>Tretman specifi\u010dan za vlasi\u0161te sa uljnom seborejom ima formulaciju koja uravnote\u017eava djelovanje \u017elijezda lojnica, te tako smanjuje izlu\u010divanje sebuma. Dermopurificira, sebonormalizira i uklanja neugodan miris masne kose, bez naru\u0161avanja hidrolipidnog filma. Aktivni sastojci u ovom proizvodu normalizuju nivo masno\u0107e, \u010diste ko\u017eu i otklanjaju neprijatan miris. Tretman zahvaljuju\u0107i tim aktivnim sastojcima, \u010disti vlasi\u0161te i uklanja vi\u0161ak masno\u0107a, istovremeno \u010duva lipidni sloj. Upotreba: Ovaj tretman traje mjesec dana. Dva puta sedmi\u010dno nanesite 4 ml preparata na vlasi\u0161te. Ne ispirati. Masa\u017ea pomjeranjem vlasi\u0161ta ne trljati.<\/p>\n","protected":false},"featured_media":1219,"comment_status":"open","ping_status":"closed","template":"","meta":[],"product_cat":[69],"product_tag":[102],"class_list":["post-1218","product","type-product","status-publish","has-post-thumbnail","hentry","product_cat-njega-kose","product_tag-vital-plus"],"_links":{"self":[{"href":"https:\/\/mopharm.ba\/wp\/wp-json\/wp\/v2\/product\/1218","targetHints":{"allow":["GET"]}}],"collection":[{"href":"https:\/\/mopharm.ba\/wp\/wp-json\/wp\/v2\/product"}],"about":[{"href":"https:\/\/mopharm.ba\/wp\/wp-json\/wp\/v2\/types\/product"}],"replies":[{"embeddable":true,"href":"https:\/\/mopharm.ba\/wp\/wp-json\/wp\/v2\/comments?post=1218"}],"wp:featuredmedia":[{"embeddable":true,"href":"https:\/\/mopharm.ba\/wp\/wp-json\/wp\/v2\/media\/1219"}],"wp:attachment":[{"href":"https:\/\/mopharm.ba\/wp\/wp-json\/wp\/v2\/media?parent=1218"}],"wp:term":[{"taxonomy":"product_cat","embeddable":true,"href":"https:\/\/mopharm.ba\/wp\/wp-json\/wp\/v2\/product_cat?post=1218"},{"taxonomy":"product_tag","embeddable":true,"href":"https:\/\/mopharm.ba\/wp\/wp-json\/wp\/v2\/product_tag?post=1218"}],"curies":[{"name":"wp","href":"https:\/\/api.w.org\/{rel}","templated":true}]}}