{"id":1114,"date":"2023-02-13T23:48:11","date_gmt":"2023-02-13T22:48:11","guid":{"rendered":"https:\/\/mopharm.ba\/wp\/product\/eucerin-elasticity-filler-3d-serum-30ml\/"},"modified":"2023-05-16T08:47:07","modified_gmt":"2023-05-16T07:47:07","slug":"eucerin-elasticity-filler-3d-serum-30ml","status":"publish","type":"product","link":"https:\/\/mopharm.ba\/wp\/product\/eucerin-elasticity-filler-3d-serum-30ml\/","title":{"rendered":"EUCERIN ELASTICITY + FILLER 3D SERUM 30ML"},"content":{"rendered":"","protected":false},"excerpt":{"rendered":"<p>Trostruka njega protiv starenja ko\u017ee: manje bora, vi\u0161e elasti\u010dnosti i manje pigmentacijskih mrlja.<\/p>\n","protected":false},"featured_media":1054,"comment_status":"open","ping_status":"closed","template":"","meta":[],"product_cat":[23],"product_tag":[68],"class_list":["post-1114","product","type-product","status-publish","has-post-thumbnail","hentry","product_cat-kozmetika","product_tag-eucerin"],"_links":{"self":[{"href":"https:\/\/mopharm.ba\/wp\/wp-json\/wp\/v2\/product\/1114","targetHints":{"allow":["GET"]}}],"collection":[{"href":"https:\/\/mopharm.ba\/wp\/wp-json\/wp\/v2\/product"}],"about":[{"href":"https:\/\/mopharm.ba\/wp\/wp-json\/wp\/v2\/types\/product"}],"replies":[{"embeddable":true,"href":"https:\/\/mopharm.ba\/wp\/wp-json\/wp\/v2\/comments?post=1114"}],"wp:featuredmedia":[{"embeddable":true,"href":"https:\/\/mopharm.ba\/wp\/wp-json\/wp\/v2\/media\/1054"}],"wp:attachment":[{"href":"https:\/\/mopharm.ba\/wp\/wp-json\/wp\/v2\/media?parent=1114"}],"wp:term":[{"taxonomy":"product_cat","embeddable":true,"href":"https:\/\/mopharm.ba\/wp\/wp-json\/wp\/v2\/product_cat?post=1114"},{"taxonomy":"product_tag","embeddable":true,"href":"https:\/\/mopharm.ba\/wp\/wp-json\/wp\/v2\/product_tag?post=1114"}],"curies":[{"name":"wp","href":"https:\/\/api.w.org\/{rel}","templated":true}]}}