{"id":1016,"date":"2023-02-13T13:53:36","date_gmt":"2023-02-13T12:53:36","guid":{"rendered":"https:\/\/mopharm.ba\/wp\/?post_type=product&#038;p=1016"},"modified":"2023-05-16T08:47:06","modified_gmt":"2023-05-16T07:47:06","slug":"eucerin-anti-pigment-nocna-njega-50-ml","status":"publish","type":"product","link":"https:\/\/mopharm.ba\/wp\/product\/eucerin-anti-pigment-nocna-njega-50-ml\/","title":{"rendered":"EUCERIN ANTI-PIGMENT NO\u0106NA NJEGA 50 ML"},"content":{"rendered":"","protected":false},"excerpt":{"rendered":"<p>U\u010dinkovito smanjuje tamne mrlje i sprje\u010dava njihovo ponovno pojavljivanje<\/p>\n<p>Regeneriraju\u0107a no\u0107na njega za ujedna\u010deniju, sjajniju ko\u017eu.<\/p>\n<p>Melanin je prirodni pigment koji ko\u017ei daje boju. Izlo\u017eenost sun\u010devoj svjetlosti, hormonalni utjecaji i starenje mogu uzrokovati pove\u0107anje proizvodnje melanina i potaknuti hiperpigmentaciju. Hiperpigmentacija se pojavljuje u obliku tamnih mrlja i stara\u010dkih pjega (tako\u0111er poznate kao mrlje od sunca) koje \u010dine ko\u017eu neujedna\u010denom.<\/p>\n<p>Eucerin Anti-Pigment no\u0107na njega sadr\u017ei thiamidol, djelotvoran i patentiran sastojak koji djeluje na pojavu hiperpigmentacije smanjenjem proizvodnje melanina. Klini\u010dki i dermatolo\u0161ki dokazano smanjuju tamne mrlje i sprje\u010dava njihovo ponovno pojavljivanje. Prvi rezultati su vidljivi nakon dva tjedna i kontinuirano se pobolj\u0161avaju uslijed redovite primjene.<\/p>\n<p>No\u0107na njega sadr\u017ei i dekspantenol \u2013 aktivni sastojak koji potpoma\u017ee regeneraciju ko\u017ee tijekom no\u0107i. Ko\u017ea je ujedna\u010denija i sjajnija.<\/p>\n<p>Ostale informacije i pojedinosti o proizvodu pogledajte na zvani\u010dnoj web stranici proizvoda.<\/p>\n","protected":false},"featured_media":1017,"comment_status":"open","ping_status":"closed","template":"","meta":[],"product_cat":[23],"product_tag":[68],"class_list":["post-1016","product","type-product","status-publish","has-post-thumbnail","hentry","product_cat-kozmetika","product_tag-eucerin"],"_links":{"self":[{"href":"https:\/\/mopharm.ba\/wp\/wp-json\/wp\/v2\/product\/1016","targetHints":{"allow":["GET"]}}],"collection":[{"href":"https:\/\/mopharm.ba\/wp\/wp-json\/wp\/v2\/product"}],"about":[{"href":"https:\/\/mopharm.ba\/wp\/wp-json\/wp\/v2\/types\/product"}],"replies":[{"embeddable":true,"href":"https:\/\/mopharm.ba\/wp\/wp-json\/wp\/v2\/comments?post=1016"}],"wp:featuredmedia":[{"embeddable":true,"href":"https:\/\/mopharm.ba\/wp\/wp-json\/wp\/v2\/media\/1017"}],"wp:attachment":[{"href":"https:\/\/mopharm.ba\/wp\/wp-json\/wp\/v2\/media?parent=1016"}],"wp:term":[{"taxonomy":"product_cat","embeddable":true,"href":"https:\/\/mopharm.ba\/wp\/wp-json\/wp\/v2\/product_cat?post=1016"},{"taxonomy":"product_tag","embeddable":true,"href":"https:\/\/mopharm.ba\/wp\/wp-json\/wp\/v2\/product_tag?post=1016"}],"curies":[{"name":"wp","href":"https:\/\/api.w.org\/{rel}","templated":true}]}}