{"id":145,"date":"2023-01-11T22:10:06","date_gmt":"2023-01-11T22:10:06","guid":{"rendered":"https:\/\/mopharm.ba\/wp\/?page_id=145"},"modified":"2023-01-15T10:39:46","modified_gmt":"2023-01-15T09:39:46","slug":"uslovi-koristenja","status":"publish","type":"page","link":"https:\/\/mopharm.ba\/wp\/uslovi-koristenja\/","title":{"rendered":"Uslovi kori\u0161tenja"},"content":{"rendered":"\n\n  <div class=\"banner has-hover\" id=\"banner-1035573491\">\n          <div class=\"banner-inner fill\">\n        <div class=\"banner-bg fill\" >\n            <div class=\"bg fill bg-fill \"><\/div>\n                                    \n            <div class=\"effect-sparkle bg-effect fill no-click\"><\/div>        <\/div>\n\t\t\n        <div class=\"banner-layers container\">\n            <div class=\"fill banner-link\"><\/div>            \n\n   <div id=\"text-box-1567243453\" class=\"text-box banner-layer x50 md-x50 lg-x50 y50 md-y50 lg-y50 res-text\">\n                                <div class=\"text-box-content text dark\">\n              \n              <div class=\"text-inner text-center\">\n                  \n\n<h3 class=\"uppercase\"><strong>USLOVI KORI\u0160TENJA<\/strong><\/h3>\n\n              <\/div>\n           <\/div>\n                            \n<style>\n#text-box-1567243453 {\n  width: 60%;\n}\n#text-box-1567243453 .text-box-content {\n  font-size: 100%;\n}\n<\/style>\n    <\/div>\n \n\n        <\/div>\n      <\/div>\n\n            \n<style>\n#banner-1035573491 {\n  padding-top: 98px;\n}\n#banner-1035573491 .ux-shape-divider--top svg {\n  height: 150px;\n  --divider-top-width: 100%;\n}\n#banner-1035573491 .ux-shape-divider--bottom svg {\n  height: 150px;\n  --divider-width: 100%;\n}\n<\/style>\n  <\/div>\n\n\n\t<section class=\"section\" id=\"section_1730162689\">\n\t\t<div class=\"bg section-bg fill bg-fill  bg-loaded\" >\n\n\t\t\t\n\t\t\t\n\t\t\t\n\n\t\t<\/div>\n\n\t\t\n\n\t\t<div class=\"section-content relative\">\n\t\t\t\n\n\t<div id=\"gap-758273059\" class=\"gap-element clearfix\" style=\"display:block; height:auto;\">\n\t\t\n<style>\n#gap-758273059 {\n  padding-top: 30px;\n}\n<\/style>\n\t<\/div>\n\t\n\n<div class=\"row\"  id=\"row-1515975105\">\n\n\n\t<div id=\"col-1054293064\" class=\"col medium-4 small-12 large-4\"  >\n\t\t\t\t<div class=\"col-inner\"  >\n\t\t\t\n\t\t\t\n\n\t<div id=\"text-3188845910\" class=\"text\">\n\t\t\n\n<h2>Uslovi kori\u0161tenja<\/h2>\n\t\t\n<style>\n#text-3188845910 {\n  font-size: 1.75rem;\n}\n<\/style>\n\t<\/div>\n\t\n\n\t\t<\/div>\n\t\t\t\t\t<\/div>\n\n\t\n\n\t<div id=\"col-2106830320\" class=\"col medium-8 small-12 large-8\"  >\n\t\t\t\t<div class=\"col-inner\"  >\n\t\t\t\n\t\t\t\n\n<p>Ovom web stranicom upravlja tim \u201eApoteke MoPharm\u201c. Na cijeloj web stranici izrazi \u201emi\u201c , \u201ena\u0161i\u201c odnose se na \u201eApoteke MoPharm\u201c. Apoteke MoPharm nude sve informacije, alate i usluge dostupne na ovoj web stranici vama, korisniku, pod uslovom da prihvatate sve ovdje navedene uslove, pravila i obavijesti.<\/p>\n<p>\u2022 Prema Zakonu o lijekovima i medicinskim sredstvima Bosne i Hercegovine (Slu\u017ebene novine 58\/08) i prema Zakonu o apotekarskoj djelatnosti (Slu\u017ebene novine 119\/08) lijekovi i medicinska sredstva ne smiju se prodavati putem interneta.<\/p>\n<p>\u2022 Za sve informacije vezane za dostupnost, cijene lijekova i medicinskih sredstava, na\u010din upotrebe, mo\u017eete da nas kontaktirate na e-mail : info@mopharm.ba, broj telefona + 387 36 580 535.<\/p>\n<p>Pa\u017eljivo pro\u010ditajte ove Uslove kori\u0161tenja prije nego \u0161to pristupite ili koristite na\u0161u web stranicu. Pristupom ili kori\u0161tenjem bilo kojeg dijela web stranice, pristajete biti obvezani ovim Uslovima kori\u0161tenja. Ako se ne sla\u017eete sa svim uslovima ovog sporazuma, mo\u017eda ne\u0107ete mo\u0107i pristupiti dijelovima ili cijeloj web stranici ili koristiti bilo koje usluge. Ako se ovi Uslovi kori\u0161tenja smatraju ponudom, prihva\u0107anje je izri\u010dito ograni\u010deno na ove Uslove kori\u0161tenja.<br \/>Sve nove funkcije ili alati koji su dodani u trenutnu web stranicu tako\u0111er \u0107e biti podlo\u017eni Uslovima kori\u0161tenja usluge. Na ovoj stranici mo\u017eete u bilo kojem trenutku pregledati najnoviju verziju Uslova kori\u0161tenja usluge. Zadr\u017eavamo pravo a\u017euriranja, izmjene ili zamjene bilo kojeg dijela ovih Uslova kori\u0161tenja usluge objavljivanjem a\u017euriranja i \/ ili izmjena na na\u0161oj web stranici. Va\u0161a je odgovornost periodi\u010dno provjeravati promjene na ovoj stranici. Va\u0161a stalna upotreba ili pristup web stranici nakon objavljivanja bilo kakvih promjena predstavlja prihva\u0107anje tih promjena.<\/p>\n<p>Prihvataju\u0107i ove Uslove kori\u0161tenja usluge, izjavljujete da ste punoljetna osoba. Ne dozvolite bilo kojem maloljetnom \u010dlanu porodice da koristi ovu stranicu.<br \/>Ne mo\u017eete koristiti na\u0161e proizvode u bilo kakve ilegalne ili neovla\u0161tene svrhe, niti mo\u017eete, prilikom upotrebe Usluge, kr\u0161iti bilo koje zakone (uklju\u010duju\u0107i, ali ne ograni\u010davaju\u0107i se na zakone o autorskim pravima).<\/p>\n<p>Kr\u0161enje bilo kojeg od Uslova rezultirat \u0107e momentalnim ukidanjem Va\u0161ih Usluga. Web stranica mopharm.ba nije zamjena za ljekarski pregled niti konsultacije. Informacije na stranici mopharm.ba ne smiju slu\u017eiti za postavljanje dijagnoze. Ukoliko posumnjate na odre\u0111ene simptome obratite se na\u0161em farmaceutu ili va\u0161em ljekaru. Ako imate bilo kakve nedoumice oko izbora preparata za samolije\u010denje, opravdanosti ili na\u010dina kori\u0161tenja pojedinog preparata posavjetujte se sa farmaceutom ili ljekarom.<\/p>\n<p>Ukoliko ste trudni, dojite ili koristite neke lijekove, prije izbora preparata za samolije\u010denje posavjetujte se sa farmaceutom ili ljekarom.<br \/>Ukoliko postoje web poveznice koje sa stranice www.mopharm.ba vode na drugu stranicu, ta stranica nije u vlasni\u0161tvu Apoteka MoPharm, mopharm.ba i Apoteke MoPharm nisu odgovorne za sadr\u017eaj na tim stranicama niti se na njih odnose ovi Uslovi kori\u0161tenja.<\/p>\n<p>Dokumenti objavljeni na ovoj web stranici smiju se kopirati samo u nekomercijalne svrhe i samo za vlastitu upotrebu uz po\u0161tivanje svih autorskih prava, drugih vlasni\u010dkih prava i svakog navedenog ograni\u010denja prava. Stoga se ona ne smije dalje kopirati, reproducirati ili na neki na\u010din distribuirati bez izri\u010ditog pristanka Apoteka MoPharm.<\/p>\n<p>Apoteke MoPharm ulo\u017eit \u0107e razuman napor kako bi se na navedenoj web stranici na\u0161li ta\u010dni i aktuelni podaci, ali ne mo\u017ee biti odgovorna za njihovu ta\u010dnost i potpunost. Svi korisnici koji pristupaju na www.mopharm.ba stranicu koriste njezin sadr\u017eaj na vlastitu odgovornost. Apoteke MoPharm ne\u0107e biti odgovorne ni za kakve direktne, slu\u010dajne, posljedi\u010dne, indirektne ili kaznene \u0161tete koje su nastale iz pristupa, kori\u0161tenja ili nemogu\u0107nosti kori\u0161tenja www.mopharm.ba ili zbog bilo koje gre\u0161ke ili nepotpunosti u njenom sadr\u017eaju. Vizualni prikazi proizvoda su preuzeti od proizvo\u0111a\u010da odnosno dobavlja\u010da i ne moraju nu\u017eno biti identi\u010dni.<\/p>\n<p>Ova web stranica sadr\u017ei informacije tre\u0107e strane i veze do drugih Internet stranica nad kojima Apoteke MoPharm nemaju kontrolu. Kad god je to mogu\u0107e, takve se informacije u skladu s time i ozna\u010davaju. Apoteke MoPharm nisu odgovorne niti za ta\u010dnost niti za bilo koji drugi aspekt takvih informacija i ne preuzima nikakvu odgovornost za takve informacije. Apoteke MoPharm zadr\u017eavaju pravo na izmjene sadr\u017eaja i cijena proizvoda ove web stranice na bilo koji na\u010din, u bilo kojem trenutku i iz bilo kojeg razloga bez prehodne najave, i ne\u0107e biti odgovorne ni za kakve mogu\u0107e posljedice proiza\u0161le iz takvih promjena.<\/p>\n<p>Ne garantujemo da \u0107e va\u0161a upotreba na\u0161e Usluge biti bez prekida, pravovremena, sigurna ili bez gre\u0161aka.<\/p>\n<p>Ne garantujemo da \u0107e rezultati koji se mogu dobiti kori\u0161tenjem Usluge biti ta\u010dni ili pouzdani.<br \/>Ne\u0107emo biti odgovorni ni vama ni bilo kojoj tre\u0107oj strani za bilo kakve izmjene, promjene cijena, obustavu ili prekid Usluge.<br \/>Sla\u017eete se da mo\u017eemo povremeno ukloniti uslugu na neodre\u0111eno vrijeme ili otkazati uslugu u bilo koje vrijeme, bez da vas obavijestimo.<\/p>\n<p>Izri\u010dito se sla\u017eete da je va\u0161a upotreba ili nemogu\u0107nost kori\u0161tenja usluge na va\u0161 rizik. Usluga i svi proizvodi i usluge koji vam se isporu\u010duju putem Usluge (osim kako je to izri\u010dito navedeno) pru\u017eaju se \u201conakvi kakvi jesu\u201d i \u201ckako su dostupni\u201d za va\u0161u upotrebu, bez ikakve garancije ili uslova bilo koje vrste, bilo izri\u010dite ili podrazumijevano, uklju\u010duju\u0107i sve podrazumijevane garancije na prodajni kvalitet, podobnost za odre\u0111enu svrhu, trajnost, titulu i ne kr\u0161enje zakona.<\/p>\n<p>Ne garantujemo da \u0107e kvaliteta bilo kojeg proizvoda, usluga, informacija ili drugog materijala koji ste kupili ili nabavili ispuniti va\u0161a o\u010dekivanja ili da \u0107e bilo kakve pogre\u0161ke u Usluzi biti ispravljene.<br \/>Sla\u017eete se da \u0107ete pru\u017eiti trenutne, potpune i ta\u010dne informacije o kupovini za sve kupovine obavljene u na\u0161oj trgovini. Sla\u017eete se da \u0107ete odmah a\u017eurirati va\u0161e podatke, uklju\u010duju\u0107i va\u0161u adresu e-po\u0161te , kako bismo vas mogli kontaktirati prema potrebi.<\/p>\n<p>Ako na na\u0161 zahtjev po\u0161aljete odre\u0111ene konkretne prijave ili bez zahtjeva od nas, po\u0161aljete kreativne ideje, prijedloge, ili druge materijale, bilo da su online, e-po\u0161tom, po\u0161tanskom po\u0161tom ili na neki drugi na\u010din (kolektivno, \u2018komentari\u2019), sla\u017eete se da u bilo kojem trenutku, bez ograni\u010denja, mo\u017eemo ure\u0111ivati, kopirati, objavljivati, distribuirati, prevoditi i na bilo koji na\u010din koristiti bilo koji komentar koji nam po\u0161aljete. Nismo i nemamo nikakvu obavezu (1) \u010duvati komentare u povjerenju; (2) izvr\u0161iti pla\u0107anje naknade za bilo koji komentar; ili (3) odgovoriti na bilo kakve komentare. Mi mo\u017eemo, ali nemamo obavezu, nadzirati, ure\u0111ivati ili uklanjati sadr\u017eaje za koje sami utvrdimo da su nezakoniti, uvredljivi, prijete\u0107i, klevetni\u010dki, pornografski ili na drugi na\u010din kr\u0161e intelektualno vlasni\u0161tvo bilo koje strane ili ove Uslove kori\u0161tenja .<br \/>Sla\u017eete se da va\u0161i komentari ne\u0107e kr\u0161iti bilo koje pravo bilo koje tre\u0107e strane, uklju\u010duju\u0107i autorska prava, za\u0161titni znak, privatnost, li\u010dnost ili drugo li\u010dno ili vlasni\u010dko pravo. Nadalje se sla\u017eete da va\u0161i komentari ne\u0107e sadr\u017eavati klevetni\u010dke ili na drugi na\u010din nezakonite, nasilne, niti sadr\u017eavati bilo kakav kompjuterski virus ili drugi zlonamjerni softver koji bi na bilo koji na\u010din mogao utjecati na rad Usluge ili bilo koje povezane web stranice. Ne smijete koristiti la\u017enu adresu e-po\u0161te, pretvarati se da ste netko drugi ili na drugi na\u010din zavesti nas ili tre\u0107e strane u vezi s porijeklom bilo kakvih komentara. Vi ste jedini odgovorni za sve komentare koje date i njihovu ta\u010dnost. Ne preuzimamo odgovornost za komentare koje ste postavili vi ili bilo koja tre\u0107a strana.<\/p>\n<p>Prema va\u017ee\u0107em zakonu o apotekarskoj djelatnosti, u Bosni i Heregovini lijekovi ne podlije\u017eu prodaji putem interenta.<\/p>\n<p>Sve cijene su izra\u017eene u BAM (konvertibilnim markama), a PDV je uklju\u010den u cijenu.<\/p>\n<p><strong>Kako bismo stigli do kraja radnog dana obraditi sve narud\u017ebe, dnevna sni\u017eenja gasimo u 22h.<\/strong><\/p>\n<a class=\"button primary hidden\"  >\n    <span>Read more<\/span>\n  <\/a>\n\n\n\n\t\t<\/div>\n\t\t\t\t\t<\/div>\n\n\t\n\n<\/div>\n\n\t\t<\/div>\n\n\t\t\n<style>\n#section_1730162689 {\n  padding-top: 30px;\n  padding-bottom: 30px;\n}\n#section_1730162689 .ux-shape-divider--top svg {\n  height: 150px;\n  --divider-top-width: 100%;\n}\n#section_1730162689 .ux-shape-divider--bottom svg {\n  height: 150px;\n  --divider-width: 100%;\n}\n<\/style>\n\t<\/section>\n\t\n\n","protected":false},"excerpt":{"rendered":"","protected":false},"author":1,"featured_media":0,"parent":0,"menu_order":0,"comment_status":"closed","ping_status":"closed","template":"page-blank.php","meta":{"footnotes":""},"class_list":["post-145","page","type-page","status-publish","hentry"],"_links":{"self":[{"href":"https:\/\/mopharm.ba\/wp\/wp-json\/wp\/v2\/pages\/145","targetHints":{"allow":["GET"]}}],"collection":[{"href":"https:\/\/mopharm.ba\/wp\/wp-json\/wp\/v2\/pages"}],"about":[{"href":"https:\/\/mopharm.ba\/wp\/wp-json\/wp\/v2\/types\/page"}],"author":[{"embeddable":true,"href":"https:\/\/mopharm.ba\/wp\/wp-json\/wp\/v2\/users\/1"}],"replies":[{"embeddable":true,"href":"https:\/\/mopharm.ba\/wp\/wp-json\/wp\/v2\/comments?post=145"}],"version-history":[{"count":5,"href":"https:\/\/mopharm.ba\/wp\/wp-json\/wp\/v2\/pages\/145\/revisions"}],"predecessor-version":[{"id":315,"href":"https:\/\/mopharm.ba\/wp\/wp-json\/wp\/v2\/pages\/145\/revisions\/315"}],"wp:attachment":[{"href":"https:\/\/mopharm.ba\/wp\/wp-json\/wp\/v2\/media?parent=145"}],"curies":[{"name":"wp","href":"https:\/\/api.w.org\/{rel}","templated":true}]}}